{"id":7810,"date":"2025-02-19T09:22:33","date_gmt":"2025-02-19T08:22:33","guid":{"rendered":"https:\/\/maisondivon.fr\/?page_id=7810"},"modified":"2025-02-19T09:23:58","modified_gmt":"2025-02-19T08:23:58","slug":"cgv","status":"publish","type":"page","link":"https:\/\/maisondivon.fr\/es\/cgv\/","title":{"rendered":"T\u00e9rminos y condiciones de venta"},"content":{"rendered":"<div data-elementor-type=\"wp-page\" data-elementor-id=\"7810\" class=\"elementor elementor-7810\" data-elementor-post-type=\"page\">\n\t\t\t\t<div class=\"elementor-element elementor-element-e89ee44 e-con-full e-flex e-con e-parent\" data-id=\"e89ee44\" data-element_type=\"container\" data-settings=\"{&quot;background_background&quot;:&quot;classic&quot;}\">\n\t\t\t\t<div class=\"elementor-element elementor-element-f308c8d elementor-widget elementor-widget-nuss-heading\" data-id=\"f308c8d\" data-element_type=\"widget\" data-widget_type=\"nuss-heading.default\">\n\t\t\t\t<div class=\"elementor-widget-container\">\n\t\t\t\t\t\t\t<div class=\"nuss-modern-heading\">\r\n\t\t\t\t\t\t<div class=\"heading-secondary-wrap\">\r\n\t\t\t\t<span class=\"heading-secondary elementor-heading-title\">Casa Divon Saint Paul, La Reuni\u00f3n<\/span>\t\t\t<\/div>\r\n\t\t\r\n\t\t\t\t\t\t<div class=\"heading-primary-wrap\">\r\n\t\t\t\t<h2 class=\"heading-primary elementor-heading-title\">Condiciones Generales de Venta  anulaci\u00f3n<\/h2>\t\t\t<\/div>\r\n\t\t\r\n\t\t\t\r\n\t\t\t\t\t<\/div>\r\n\t\t\t\t\t<\/div>\n\t\t\t\t<\/div>\n\t\t\t\t<\/div>\n\t\t<div class=\"elementor-element elementor-element-560ccc9 e-flex e-con-boxed e-con e-parent\" data-id=\"560ccc9\" data-element_type=\"container\">\n\t\t\t\t\t<div class=\"e-con-inner\">\n\t\t\t\t<div class=\"elementor-element elementor-element-314ed9b elementor-widget elementor-widget-text-editor\" data-id=\"314ed9b\" data-element_type=\"widget\" data-widget_type=\"text-editor.default\">\n\t\t\t\t<div class=\"elementor-widget-container\">\n\t\t\t\t\t\t\t\t\t<h3 data-start=\"215\" data-end=\"270\"><strong style=\"font-size: 28px; letter-spacing: inherit; text-align: var(--text-align);\" data-start=\"277\" data-end=\"289\">1. Objeto<\/strong><\/h3><p data-start=\"292\" data-end=\"456\">Las presentes condiciones generales regulan la reserva y la anulaci\u00f3n de las estancias en nuestro establecimiento, as\u00ed como los derechos y obligaciones de las partes.<\/p><h4 data-start=\"458\" data-end=\"499\"><strong data-start=\"463\" data-end=\"497\">2. Tarifas y Reserva<\/strong><\/h4><ul data-start=\"500\" data-end=\"758\"><li data-start=\"500\" data-end=\"615\">El precio de la noche se indica en euros (\u20ac) e incluye todos los impuestos aplicables, salvo que se indique lo contrario.<\/li><li data-start=\"616\" data-end=\"689\">Toda reserva se confirma tras la recepci\u00f3n del pago \u00edntegro.<\/li><li data-start=\"690\" data-end=\"758\">La tarifa mostrada al momento de la reserva es la que se aplicar\u00e1.<\/li><\/ul><h4 data-start=\"760\" data-end=\"797\"><strong data-start=\"765\" data-end=\"795\">3. Condiciones de Anulaci\u00f3n<\/strong><\/h4><p data-start=\"798\" data-end=\"907\">Entendemos que pueden surgir imprevistos y hemos establecido una pol\u00edtica de anulaci\u00f3n clara:<\/p><ul data-start=\"909\" data-end=\"1499\"><li data-start=\"909\" data-end=\"1030\"><p data-start=\"911\" data-end=\"1030\"><strong data-start=\"911\" data-end=\"969\">Anulaci\u00f3n al menos 30 d\u00edas antes de la fecha de llegada:<\/strong><br data-start=\"969\" data-end=\"972\" \/>\u279d <strong data-start=\"976\" data-end=\"1002\">Reembolso \u00edntegro<\/strong> de 100 % del monto pagado.<\/p><\/li><li data-start=\"1032\" data-end=\"1244\"><p data-start=\"1034\" data-end=\"1244\"><strong data-start=\"1034\" data-end=\"1094\">Anulaci\u00f3n entre 30 y 7 d\u00edas antes de la fecha de llegada:<\/strong><br data-start=\"1094\" data-end=\"1097\" \/>\u279d <strong data-start=\"1101\" data-end=\"1126\">Reembolso parcial<\/strong> correspondiente a <strong data-start=\"1143\" data-end=\"1174\">50 % del precio de cada noche<\/strong> reservada.<br data-start=\"1184\" data-end=\"1187\" \/>\u279d Los gastos de servicio no son <strong data-start=\"1220\" data-end=\"1241\">reembolsables<\/strong>.<\/p><\/li><li data-start=\"1246\" data-end=\"1358\"><p data-start=\"1248\" data-end=\"1358\"><strong data-start=\"1248\" data-end=\"1305\">Anulaci\u00f3n con menos de 7 d\u00edas antes de la fecha de llegada:<\/strong><br data-start=\"1305\" data-end=\"1308\" \/>\u279d No se podr\u00e1 efectuar ning\u00fan reembolso.<\/p><\/li><li data-start=\"1360\" data-end=\"1499\"><p data-start=\"1362\" data-end=\"1499\"><strong data-start=\"1362\" data-end=\"1383\">Tarifa de aseo:<\/strong><br data-start=\"1383\" data-end=\"1386\" \/>\u279d Si cancela su estad\u00eda antes de la llegada, los gastos de aseo se le <strong data-start=\"1468\" data-end=\"1496\">ser\u00e1n reembolsados \u00edntegramente<\/strong>.<\/p><\/li><\/ul><h4 data-start=\"1501\" data-end=\"1543\"><strong data-start=\"1506\" data-end=\"1541\">4. Modificaciones de Reserva<\/strong><\/h4><ul data-start=\"1544\" data-end=\"1788\"><li data-start=\"1544\" data-end=\"1692\">Toda solicitud de modificaci\u00f3n de la reserva (fechas, n\u00famero de viajeros) est\u00e1 sujeta a disponibilidad y puede implicar un ajuste tarifario.<\/li><li data-start=\"1693\" data-end=\"1788\">No garantizamos la posibilidad de modificaci\u00f3n despu\u00e9s de la confirmaci\u00f3n de la reserva.<\/li><\/ul><h4 data-start=\"1790\" data-end=\"1839\"><strong data-start=\"1795\" data-end=\"1837\">5. No presentaci\u00f3n y salida anticipada<\/strong><\/h4><ul data-start=\"1840\" data-end=\"2026\"><li data-start=\"1840\" data-end=\"1959\">En caso de no presentaci\u00f3n el d\u00eda de la llegada, el monto total de la reserva es <strong data-start=\"1930\" data-end=\"1956\">adeudado y no reembolsable<\/strong>.<\/li><li data-start=\"1960\" data-end=\"2026\">No se otorgar\u00e1 ning\u00fan reembolso en caso de salida anticipada.<\/li><\/ul><h4 data-start=\"2028\" data-end=\"2055\"><strong data-start=\"2033\" data-end=\"2053\">6. Fuerza mayor<\/strong><\/h4><p data-start=\"2056\" data-end=\"2335\">En caso de circunstancias excepcionales independientes de nuestra voluntad (cat\u00e1strofe natural, pandemia, prohibiciones gubernamentales, etc.), se podr\u00e1 considerar un cambio de fecha o un reembolso, de conformidad con las <strong data-start=\"2269\" data-end=\"2299\">condiciones extraordinarias<\/strong> definidas por nuestro establecimiento.<\/p><h4 data-start=\"2337\" data-end=\"2377\"><strong data-start=\"2342\" data-end=\"2375\">7. Responsabilidad del viajero<\/strong><\/h4><ul data-start=\"2378\" data-end=\"2606\"><li data-start=\"2378\" data-end=\"2495\">El arrendatario se compromete a respetar los lugares arrendados e informar inmediatamente al establecimiento en caso de problema.<\/li><li data-start=\"2496\" data-end=\"2606\">Cualquier deterioro o incumplimiento de las normas del alojamiento podr\u00e1 implicar cargos adicionales.<\/li><\/ul><h4 data-start=\"2608\" data-end=\"2648\"><strong data-start=\"2613\" data-end=\"2646\">8. Aceptaci\u00f3n de las condiciones<\/strong><\/h4><p data-start=\"2649\" data-end=\"2779\">Toda reserva realizada en nuestro sitio web implica la aceptaci\u00f3n plena y total de las presentes condiciones generales.<\/p>\t\t\t\t\t\t\t\t<\/div>\n\t\t\t\t<\/div>\n\t\t\t\t\t<\/div>\n\t\t\t\t<\/div>\n\t\t\t\t<\/div>","protected":false},"excerpt":{"rendered":"<p>Maison Divon Saint Paul La R\u00e9union Conditions G\u00e9n\u00e9rales de Vente annulation 1. Objet Les pr\u00e9sentes conditions g\u00e9n\u00e9rales r\u00e9gissent la r\u00e9servation et l&rsquo;annulation des s\u00e9jours dans notre \u00e9tablissement, ainsi que les droits et obligations des parties. 2. Tarification et R\u00e9servation Le prix de la nuit\u00e9e est indiqu\u00e9 en euros (\u20ac) et comprend toutes les taxes applicables, [&hellip;]<\/p>\n","protected":false},"author":1,"featured_media":0,"parent":0,"menu_order":0,"comment_status":"closed","ping_status":"closed","template":"elementor_header_footer","meta":{"footnotes":""},"class_list":["post-7810","page","type-page","status-publish","hentry","post-no-thumbnail"],"yoast_head":"<!-- This site is optimized with the Yoast SEO plugin v27.4 - https:\/\/yoast.com\/product\/yoast-seo-wordpress\/ -->\n<title>CGV - Maison Divon |\u00a0Villa Saint Paul La R\u00e9union<\/title>\n<meta name=\"robots\" content=\"index, follow, max-snippet:-1, max-image-preview:large, max-video-preview:-1\" \/>\n<link rel=\"canonical\" href=\"https:\/\/maisondivon.fr\/es\/cgv\/\" \/>\n<meta property=\"og:locale\" content=\"es_ES\" \/>\n<meta property=\"og:type\" content=\"article\" \/>\n<meta property=\"og:title\" content=\"CGV - Maison Divon |\u00a0Villa Saint Paul La R\u00e9union\" \/>\n<meta property=\"og:description\" content=\"Maison Divon Saint Paul La R\u00e9union Conditions G\u00e9n\u00e9rales de Vente annulation 1. Objet Les pr\u00e9sentes conditions g\u00e9n\u00e9rales r\u00e9gissent la r\u00e9servation et l&rsquo;annulation des s\u00e9jours dans notre \u00e9tablissement, ainsi que les droits et obligations des parties. 2. Tarification et R\u00e9servation Le prix de la nuit\u00e9e est indiqu\u00e9 en euros (\u20ac) et comprend toutes les taxes applicables, [&hellip;]\" \/>\n<meta property=\"og:url\" content=\"https:\/\/maisondivon.fr\/es\/cgv\/\" \/>\n<meta property=\"og:site_name\" content=\"Maison Divon |\u00a0Villa Saint Paul La R\u00e9union\" \/>\n<meta property=\"article:modified_time\" content=\"2025-02-19T08:23:58+00:00\" \/>\n<meta name=\"twitter:card\" content=\"summary_large_image\" \/>\n<meta name=\"twitter:label1\" content=\"Tiempo estimado de lectura\" \/>\n\t<meta name=\"twitter:data1\" content=\"2 minutos\" \/>\n<script type=\"application\/ld+json\" class=\"yoast-schema-graph\">{\"@context\":\"https:\\\/\\\/schema.org\",\"@graph\":[{\"@type\":\"WebPage\",\"@id\":\"https:\\\/\\\/maisondivon.fr\\\/cgv\\\/\",\"url\":\"https:\\\/\\\/maisondivon.fr\\\/cgv\\\/\",\"name\":\"CGV - Maison Divon |\u00a0Villa Saint Paul La R\u00e9union\",\"isPartOf\":{\"@id\":\"https:\\\/\\\/maisondivon.fr\\\/#website\"},\"datePublished\":\"2025-02-19T08:22:33+00:00\",\"dateModified\":\"2025-02-19T08:23:58+00:00\",\"breadcrumb\":{\"@id\":\"https:\\\/\\\/maisondivon.fr\\\/cgv\\\/#breadcrumb\"},\"inLanguage\":\"es-CL\",\"potentialAction\":[{\"@type\":\"ReadAction\",\"target\":[\"https:\\\/\\\/maisondivon.fr\\\/cgv\\\/\"]}]},{\"@type\":\"BreadcrumbList\",\"@id\":\"https:\\\/\\\/maisondivon.fr\\\/cgv\\\/#breadcrumb\",\"itemListElement\":[{\"@type\":\"ListItem\",\"position\":1,\"name\":\"Accueil\",\"item\":\"https:\\\/\\\/maisondivon.fr\\\/\"},{\"@type\":\"ListItem\",\"position\":2,\"name\":\"CGV\"}]},{\"@type\":\"WebSite\",\"@id\":\"https:\\\/\\\/maisondivon.fr\\\/#website\",\"url\":\"https:\\\/\\\/maisondivon.fr\\\/\",\"name\":\"Maison Divon |\u00a0Villa Saint Paul La R\u00e9union\",\"description\":\"Saint Paul La R\u00e9union\",\"publisher\":{\"@id\":\"https:\\\/\\\/maisondivon.fr\\\/#organization\"},\"potentialAction\":[{\"@type\":\"SearchAction\",\"target\":{\"@type\":\"EntryPoint\",\"urlTemplate\":\"https:\\\/\\\/maisondivon.fr\\\/?s={search_term_string}\"},\"query-input\":{\"@type\":\"PropertyValueSpecification\",\"valueRequired\":true,\"valueName\":\"search_term_string\"}}],\"inLanguage\":\"es-CL\"},{\"@type\":\"Organization\",\"@id\":\"https:\\\/\\\/maisondivon.fr\\\/#organization\",\"name\":\"Maison Divon |\u00a0Villa Saint Paul La R\u00e9union\",\"url\":\"https:\\\/\\\/maisondivon.fr\\\/\",\"logo\":{\"@type\":\"ImageObject\",\"inLanguage\":\"es-CL\",\"@id\":\"https:\\\/\\\/maisondivon.fr\\\/#\\\/schema\\\/logo\\\/image\\\/\",\"url\":\"https:\\\/\\\/maisondivon.fr\\\/wp-content\\\/uploads\\\/2025\\\/01\\\/2-1.png\",\"contentUrl\":\"https:\\\/\\\/maisondivon.fr\\\/wp-content\\\/uploads\\\/2025\\\/01\\\/2-1.png\",\"width\":1196,\"height\":379,\"caption\":\"Maison Divon |\u00a0Villa Saint Paul La R\u00e9union\"},\"image\":{\"@id\":\"https:\\\/\\\/maisondivon.fr\\\/#\\\/schema\\\/logo\\\/image\\\/\"}}]}<\/script>\n<!-- \/ Yoast SEO plugin. -->","yoast_head_json":{"title":"CGV - Maison Divon |\u00a0Villa Saint Paul La R\u00e9union","robots":{"index":"index","follow":"follow","max-snippet":"max-snippet:-1","max-image-preview":"max-image-preview:large","max-video-preview":"max-video-preview:-1"},"canonical":"https:\/\/maisondivon.fr\/es\/cgv\/","og_locale":"es_ES","og_type":"article","og_title":"CGV - Maison Divon |\u00a0Villa Saint Paul La R\u00e9union","og_description":"Maison Divon Saint Paul La R\u00e9union Conditions G\u00e9n\u00e9rales de Vente annulation 1. Objet Les pr\u00e9sentes conditions g\u00e9n\u00e9rales r\u00e9gissent la r\u00e9servation et l&rsquo;annulation des s\u00e9jours dans notre \u00e9tablissement, ainsi que les droits et obligations des parties. 2. Tarification et R\u00e9servation Le prix de la nuit\u00e9e est indiqu\u00e9 en euros (\u20ac) et comprend toutes les taxes applicables, [&hellip;]","og_url":"https:\/\/maisondivon.fr\/es\/cgv\/","og_site_name":"Maison Divon |\u00a0Villa Saint Paul La R\u00e9union","article_modified_time":"2025-02-19T08:23:58+00:00","twitter_card":"summary_large_image","twitter_misc":{"Tiempo estimado de lectura":"2 minutos"},"schema":{"@context":"https:\/\/schema.org","@graph":[{"@type":"WebPage","@id":"https:\/\/maisondivon.fr\/cgv\/","url":"https:\/\/maisondivon.fr\/cgv\/","name":"CGV - Maison Divon |\u00a0Villa Saint Paul La R\u00e9union","isPartOf":{"@id":"https:\/\/maisondivon.fr\/#website"},"datePublished":"2025-02-19T08:22:33+00:00","dateModified":"2025-02-19T08:23:58+00:00","breadcrumb":{"@id":"https:\/\/maisondivon.fr\/cgv\/#breadcrumb"},"inLanguage":"es-CL","potentialAction":[{"@type":"ReadAction","target":["https:\/\/maisondivon.fr\/cgv\/"]}]},{"@type":"BreadcrumbList","@id":"https:\/\/maisondivon.fr\/cgv\/#breadcrumb","itemListElement":[{"@type":"ListItem","position":1,"name":"Accueil","item":"https:\/\/maisondivon.fr\/"},{"@type":"ListItem","position":2,"name":"CGV"}]},{"@type":"WebSite","@id":"https:\/\/maisondivon.fr\/#website","url":"https:\/\/maisondivon.fr\/","name":"Casa Divon | Villa Saint Paul, Isla de la Reuni\u00f3n","description":"San Pablo, Isla de la Reuni\u00f3n","publisher":{"@id":"https:\/\/maisondivon.fr\/#organization"},"potentialAction":[{"@type":"SearchAction","target":{"@type":"EntryPoint","urlTemplate":"https:\/\/maisondivon.fr\/?s={search_term_string}"},"query-input":{"@type":"PropertyValueSpecification","valueRequired":true,"valueName":"search_term_string"}}],"inLanguage":"es-CL"},{"@type":"Organization","@id":"https:\/\/maisondivon.fr\/#organization","name":"Casa Divon | Villa Saint Paul, Isla de la Reuni\u00f3n","url":"https:\/\/maisondivon.fr\/","logo":{"@type":"ImageObject","inLanguage":"es-CL","@id":"https:\/\/maisondivon.fr\/#\/schema\/logo\/image\/","url":"https:\/\/maisondivon.fr\/wp-content\/uploads\/2025\/01\/2-1.png","contentUrl":"https:\/\/maisondivon.fr\/wp-content\/uploads\/2025\/01\/2-1.png","width":1196,"height":379,"caption":"Maison Divon |\u00a0Villa Saint Paul La R\u00e9union"},"image":{"@id":"https:\/\/maisondivon.fr\/#\/schema\/logo\/image\/"}}]}},"_links":{"self":[{"href":"https:\/\/maisondivon.fr\/es\/wp-json\/wp\/v2\/pages\/7810","targetHints":{"allow":["GET"]}}],"collection":[{"href":"https:\/\/maisondivon.fr\/es\/wp-json\/wp\/v2\/pages"}],"about":[{"href":"https:\/\/maisondivon.fr\/es\/wp-json\/wp\/v2\/types\/page"}],"author":[{"embeddable":true,"href":"https:\/\/maisondivon.fr\/es\/wp-json\/wp\/v2\/users\/1"}],"replies":[{"embeddable":true,"href":"https:\/\/maisondivon.fr\/es\/wp-json\/wp\/v2\/comments?post=7810"}],"version-history":[{"count":0,"href":"https:\/\/maisondivon.fr\/es\/wp-json\/wp\/v2\/pages\/7810\/revisions"}],"wp:attachment":[{"href":"https:\/\/maisondivon.fr\/es\/wp-json\/wp\/v2\/media?parent=7810"}],"curies":[{"name":"wp","href":"https:\/\/api.w.org\/{rel}","templated":true}]}}