{"id":6309,"date":"2024-06-17T16:38:36","date_gmt":"2024-06-17T14:38:36","guid":{"rendered":"https:\/\/azurloft.h-wd.fr\/?page_id=6309"},"modified":"2026-01-15T12:01:28","modified_gmt":"2026-01-15T11:01:28","slug":"tarifas-disponibilidad","status":"publish","type":"page","link":"https:\/\/maisondivon.fr\/es\/tarifas-disponibilidad\/","title":{"rendered":"Tarifas y disponibilidad"},"content":{"rendered":"<div data-elementor-type=\"wp-page\" data-elementor-id=\"6309\" class=\"elementor elementor-6309\" data-elementor-post-type=\"page\">\n\t\t\t\t<div class=\"elementor-element elementor-element-5b119cf e-con-full e-flex e-con e-parent\" data-id=\"5b119cf\" data-element_type=\"container\" data-settings=\"{&quot;background_background&quot;:&quot;classic&quot;}\">\n\t\t\t\t<div class=\"elementor-element elementor-element-7f1e1f0 elementor-widget elementor-widget-nuss-heading\" data-id=\"7f1e1f0\" data-element_type=\"widget\" data-widget_type=\"nuss-heading.default\">\n\t\t\t\t<div class=\"elementor-widget-container\">\n\t\t\t\t\t\t\t<div class=\"nuss-modern-heading\">\r\n\t\t\t\t\t\t<div class=\"heading-secondary-wrap\">\r\n\t\t\t\t<span class=\"heading-secondary elementor-heading-title\">Casa Divon Saint Paul, La Reuni\u00f3n<\/span>\t\t\t<\/div>\r\n\t\t\r\n\t\t\t\t\t\t<div class=\"heading-primary-wrap\">\r\n\t\t\t\t<h2 class=\"heading-primary elementor-heading-title\">Tarifas y disponibilidad<\/h2>\t\t\t<\/div>\r\n\t\t\r\n\t\t\t\r\n\t\t\t\t\t<\/div>\r\n\t\t\t\t\t<\/div>\n\t\t\t\t<\/div>\n\t\t\t\t<\/div>\n\t\t\t\t<section class=\"elementor-section elementor-top-section elementor-element elementor-element-d451619 elementor-section-boxed elementor-section-gap-beside-yes elementor-section-height-default elementor-section-height-default elementor-section-column-vertical-align-stretch\" data-id=\"d451619\" data-element_type=\"section\">\n\t\t\t\t\t\t<div class=\"elementor-container elementor-column-gap-extended\">\n\t\t\t\t\t<div class=\"elementor-column elementor-col-100 elementor-top-column elementor-element elementor-element-f585ae5\" data-id=\"f585ae5\" data-element_type=\"column\">\n\t\t\t<div class=\"elementor-widget-wrap elementor-element-populated\">\n\t\t\t\t\t\t<div class=\"elementor-element elementor-element-b8e289b elementor-widget elementor-widget-shortcode\" data-id=\"b8e289b\" data-element_type=\"widget\" data-widget_type=\"shortcode.default\">\n\t\t\t\t<div class=\"elementor-widget-container\">\n\t\t\t\t\t\t\t<div class=\"elementor-shortcode\"><\/div>\n\t\t\t\t\t\t<\/div>\n\t\t\t\t<\/div>\n\t\t\t\t\t<\/div>\n\t\t<\/div>\n\t\t\t\t\t<\/div>\n\t\t<\/section>\n\t\t<div class=\"elementor-element elementor-element-398f8e2 e-flex e-con-boxed e-con e-parent\" data-id=\"398f8e2\" data-element_type=\"container\" data-settings=\"{&quot;background_background&quot;:&quot;classic&quot;}\">\n\t\t\t\t\t<div class=\"e-con-inner\">\n\t\t\t\t<div class=\"elementor-element elementor-element-e8c7363 elementor-widget__width-inherit elementor-widget elementor-widget-image\" data-id=\"e8c7363\" data-element_type=\"widget\" data-widget_type=\"image.default\">\n\t\t\t\t<div class=\"elementor-widget-container\">\n\t\t\t\t\t\t\t\t\t\t\t\t\t\t\t<img loading=\"lazy\" decoding=\"async\" width=\"103\" height=\"86\" src=\"https:\/\/maisondivon.fr\/wp-content\/uploads\/2025\/01\/untitled-design-7.png\" class=\"attachment-large size-large wp-image-6943\" alt=\"\" \/>\t\t\t\t\t\t\t\t\t\t\t\t\t\t\t<\/div>\n\t\t\t\t<\/div>\n\t\t\t\t<div class=\"elementor-element elementor-element-7725e2d elementor-widget elementor-widget-nuss-heading\" data-id=\"7725e2d\" data-element_type=\"widget\" data-widget_type=\"nuss-heading.default\">\n\t\t\t\t<div class=\"elementor-widget-container\">\n\t\t\t\t\t\t\t<div class=\"nuss-modern-heading\">\r\n\t\t\t\t\t\t<div class=\"heading-secondary-wrap\">\r\n\t\t\t\t<span class=\"heading-secondary elementor-heading-title\">Condiciones de alquiler<\/span>\t\t\t<\/div>\r\n\t\t\r\n\t\t\t\t\t\t<div class=\"heading-primary-wrap\">\r\n\t\t\t\t<h2 class=\"heading-primary elementor-heading-title\">T\u00e9rminos y condiciones<\/h2>\t\t\t<\/div>\r\n\t\t\r\n\t\t\t\r\n\t\t\t\t\t<\/div>\r\n\t\t\t\t\t<\/div>\n\t\t\t\t<\/div>\n\t\t\t\t<div class=\"elementor-element elementor-element-25c9f63 elementor-align-start elementor-widget__width-initial elementor-icon-list--layout-traditional elementor-list-item-link-full_width elementor-widget elementor-widget-icon-list\" data-id=\"25c9f63\" data-element_type=\"widget\" data-widget_type=\"icon-list.default\">\n\t\t\t\t<div class=\"elementor-widget-container\">\n\t\t\t\t\t\t\t<ul class=\"elementor-icon-list-items\">\n\t\t\t\t\t\t\t<li class=\"elementor-icon-list-item\">\n\t\t\t\t\t\t\t\t\t\t\t<span class=\"elementor-icon-list-icon\">\n\t\t\t\t\t\t\t<svg xmlns=\"http:\/\/www.w3.org\/2000\/svg\" viewbox=\"0 0 640 512\"><path d=\"M319.1 317.3c0-36.75-30.87-66.66-68.81-66.66c-8.437 0-16.87 1.594-24.87 4.672C217.8 218.5 184.6 192 144.8 192c-37.62 0-70.53 24.38-80.69 58.83C28.34 253.2 0 282.1 0 317.3C0 354.1 30.87 384 68.81 384h182.4C289.1 384 319.1 354.1 319.1 317.3zM251.2 368H68.81c-29.12 0-52.81-22.73-52.81-50.67s23.69-50.66 51.97-50.72c4.406 .9844 9.312-1.844 10.22-6.109C84.41 230.1 112.4 208 144.8 208c35.34 0 64.28 25.73 67.31 59.84c.25 2.719 1.844 5.141 4.281 6.391c2.406 1.266 5.312 1.188 7.687-.1719c8.375-4.828 17.75-7.391 27.09-7.391c29.12 0 52.81 22.72 52.81 50.66S280.3 368 251.2 368zM637.4 376.3c-3.938-6.625-11.47-9.953-18.97-8.516c-47.34 9.094-95.9-3.391-133.1-34.13c-37.12-30.73-58.44-76-58.44-124.2c0-57.83 31.25-111.6 81.56-140.2c6.687-3.781 10.19-11.16 8.937-18.75c-1.281-7.594-6.1-13.42-14.56-14.81C491.7 33.67 473.3 32 461.9 32c-110.4 0-203.3 79.14-220.9 188.2C240.3 224.5 243.3 228.7 247.7 229.3c4.625 .9062 8.469-2.266 9.187-6.625C273.1 121.5 359.4 48 461.9 48c10.59 0 27.66 1.562 37.1 3.469c.9687 .1875 1.531 .7656 1.719 1.734c.1562 .9844-.1875 1.719-1.062 2.203c-55.31 31.48-89.65 90.53-89.65 154.1c0 52.97 23.41 102.7 64.25 136.5c40.81 33.8 94.06 47.44 146.2 37.52c1.125-.1562 1.906 .4375 2.219 1.016c.5313 .8438 .4687 1.672-.1562 2.422C583.7 435.9 524.8 464 461.9 464c-58.47 0-114.6-25.02-154.1-68.64c-2.1-3.297-8.062-3.547-11.31-.5781c-3.281 2.969-3.531 8.031-.5625 11.3C338.5 453.1 398.9 480 461.9 480c67.75 0 131.2-30.22 173.1-82.94C640.8 391.1 641.3 382.9 637.4 376.3z\"><\/path><\/svg>\t\t\t\t\t\t<\/span>\n\t\t\t\t\t\t\t\t\t\t<span class=\"elementor-icon-list-text\">Alquiler a partir de 5 noches.<\/span>\n\t\t\t\t\t\t\t\t\t<\/li>\n\t\t\t\t\t\t\t\t<li class=\"elementor-icon-list-item\">\n\t\t\t\t\t\t\t\t\t\t\t<span class=\"elementor-icon-list-icon\">\n\t\t\t\t\t\t\t<svg xmlns=\"http:\/\/www.w3.org\/2000\/svg\" viewbox=\"0 0 576 512\"><path d=\"M448 224V128c0-35.35-28.65-64-64-64H64C28.65 64 0 92.65 0 128v96c0 35.35 28.65 64 64 64h78.03c29.37 0 54.96-19.99 62.09-48.48l4.359-17.43C210.5 214 217.2 209.1 224 209.1s13.5 4.04 15.52 12.12l4.359 17.43C251 268 276.6 288 305.1 288H384C419.3 288 448 259.3 448 224zM259.4 235.6L255 218.2C251.4 203.7 238.9 193.1 224 193.1S196.6 203.7 192.1 218.2L188.6 235.6C183.2 257 164.1 272 142 272H64C37.53 272 16 250.5 16 224V128c0-26.47 21.53-48 48-48h320c26.47 0 48 21.53 48 48v96c0 26.47-21.53 48-48 48h-78.03C283.9 272 264.8 257 259.4 235.6zM544 32c-17.64 0-32 14.36-32 32v320c0 35.29-28.71 64-64 64s-64-28.71-64-64c0-17.64-14.36-32-32-32s-32 14.36-32 32c0 70.58 57.42 128 128 128s128-57.42 128-128V64C576 46.36 561.6 32 544 32zM560 384c0 61.75-50.25 112-112 112s-112-50.25-112-112c0-8.844 7.156-16 16-16s16 7.156 16 16c0 44.13 35.88 80 80 80s80-35.88 80-80V160h32V384zM560 144h-32V64c0-8.844 7.156-16 16-16s16 7.156 16 16V144z\"><\/path><\/svg>\t\t\t\t\t\t<\/span>\n\t\t\t\t\t\t\t\t\t\t<span class=\"elementor-icon-list-text\">Descuento de 10% por 7 noches consecutivas<\/span>\n\t\t\t\t\t\t\t\t\t<\/li>\n\t\t\t\t\t\t\t\t<li class=\"elementor-icon-list-item\">\n\t\t\t\t\t\t\t\t\t\t\t<span class=\"elementor-icon-list-icon\">\n\t\t\t\t\t\t\t<svg xmlns=\"http:\/\/www.w3.org\/2000\/svg\" viewbox=\"0 0 512 512\"><path d=\"M150.6 201.4c-6.074-6.074-14.28-9.356-22.7-9.356c-2.234 0-4.482 .2269-6.711 .6996C110.6 195 101.8 202.6 98.03 212.7l-95.1 256c-4.406 11.75-1.531 25 7.344 33.88C15.47 508.7 23.66 512 32 512c3.781 0 7.594-.6563 11.25-2.031l255.1-96c10.19-3.812 17.72-12.56 20.03-23.19c2.281-10.62-.9684-21.72-8.656-29.41L150.6 201.4zM37.62 494.1c-1.777 .6699-3.666 1.008-5.617 1.008c-4.285 0-8.293-1.654-11.31-4.689c-4.432-4.43-5.875-11.08-3.678-16.94l34.37-91.67l77.91 77.91L37.62 494.1zM145.8 454.4l-88.2-88.2L86.3 289.6l136.1 136.1L145.8 454.4zM293.6 398.1l-54.79 20.54l-146.4-146.4L113 218.4c1.908-5.098 6.246-8.838 11.52-9.986c1.117-.2363 2.26-.3555 3.396-.3555c4.264 0 8.412 1.703 11.38 4.672l159.1 159.1c3.861 3.861 5.478 9.369 4.336 14.69C302.5 392.7 298.7 397.1 293.6 398.1zM503.1 272c4.406 0 7.1-3.594 7.1-7.1c0-4.406-3.594-7.1-7.1-7.1H491.7c-53.81 0-104.3 30.5-138.5 83.69c-2.406 3.687-1.312 8.656 2.406 11.03c1.312 .875 2.812 1.281 4.312 1.281c2.625 0 5.187-1.281 6.719-3.687c31.19-48.5 76.78-76.31 125-76.31H503.1zM168 160c1.5 0 2.1-.4062 4.312-1.281C225.5 124.5 256 74.07 256 20.25V8.005C256 3.599 252.4 .0051 248 .0051S240 3.599 240 8.005v12.25c0 48.25-27.81 93.84-76.31 125C159.1 147.7 158.9 152.6 161.3 156.3C162.8 158.7 165.4 160 168 160zM64 63.1c17.67 0 31.1-14.33 31.1-31.1S81.67 .0013 64 .0013S32 14.33 32 32S46.33 63.1 64 63.1zM64.01 16c8.82 0 15.1 7.176 15.1 15.1c0 8.82-7.176 15.1-15.1 15.1c-8.822 0-15.1-7.176-15.1-15.1C48.01 23.18 55.18 16 64.01 16zM263.1 224c2.281 0 4.562-.9687 6.156-2.875c14.66-17.59 29.78-18.97 47.31-20.56c18.37-1.656 39.22-3.562 58.12-26.22C394.4 151.8 393.1 130.4 391.9 111.6c-1.156-18.16-2.125-33.81 12.66-51.53c14.69-17.62 29.81-18.1 47.34-20.62c18.41-1.687 39.28-3.594 58.22-26.28c2.812-3.406 2.375-8.437-1.031-11.28c-3.375-2.812-8.406-2.375-11.28 1.031c-14.69 17.62-29.81 18.1-47.34 20.62c-18.41 1.687-39.28 3.594-58.22 26.28c-18.84 22.59-17.5 43.94-16.31 62.78c1.125 18.12 2.125 33.81-12.69 51.53c-14.66 17.59-29.78 18.97-47.28 20.56c-18.37 1.656-39.22 3.562-58.16 26.22C255 214.3 255.5 219.3 258.9 222.2C260.4 223.4 262.2 224 263.1 224zM479.1 416c-17.67 0-31.1 14.33-31.1 31.1s14.33 31.1 31.1 31.1s31.1-14.33 31.1-31.1S497.7 416 479.1 416zM479.1 463.1c-8.822 0-15.1-7.176-15.1-15.1c0-8.822 7.176-15.1 15.1-15.1c8.82 0 15.1 7.176 15.1 15.1C495.1 456.8 488.8 463.1 479.1 463.1zM479.1 128c-17.67 0-31.1 14.33-31.1 31.1s14.33 31.1 31.1 31.1s31.1-14.33 31.1-31.1S497.7 128 479.1 128zM479.1 176c-8.822 0-15.1-7.176-15.1-15.1c0-8.82 7.176-15.1 15.1-15.1c8.82 0 15.1 7.176 15.1 15.1C495.1 168.8 488.8 176 479.1 176z\"><\/path><\/svg>\t\t\t\t\t\t<\/span>\n\t\t\t\t\t\t\t\t\t\t<span class=\"elementor-icon-list-text\">No se permiten fiestas ni otras actividades que puedan molestar a los vecinos.<\/span>\n\t\t\t\t\t\t\t\t\t<\/li>\n\t\t\t\t\t\t\t\t<li class=\"elementor-icon-list-item\">\n\t\t\t\t\t\t\t\t\t\t\t<span class=\"elementor-icon-list-icon\">\n\t\t\t\t\t\t\t<svg xmlns=\"http:\/\/www.w3.org\/2000\/svg\" viewbox=\"0 0 576 512\"><path d=\"M544 176C544 180.4 540.4 184 536 184H528C488.2 184 456 151.8 456 112V104C456 99.58 459.6 96 464 96C468.4 96 472 99.58 472 104V112C472 142.9 497.1 168 528 168H536C540.4 168 544 171.6 544 176zM40 184C35.58 184 32 180.4 32 176C32 171.6 35.58 168 40 168H48C78.93 168 104 142.9 104 112V104C104 99.58 107.6 96 112 96C116.4 96 120 99.58 120 104V112C120 151.8 87.76 184 48 184H40zM536 344H528C497.1 344 472 369.1 472 400V408C472 412.4 468.4 416 464 416C459.6 416 456 412.4 456 408V400C456 360.2 488.2 328 528 328H536C540.4 328 544 331.6 544 336C544 340.4 540.4 344 536 344zM48 328C87.76 328 120 360.2 120 400V408C120 412.4 116.4 416 112 416C107.6 416 104 412.4 104 408V400C104 369.1 78.93 344 48 344H40C35.58 344 32 340.4 32 336C32 331.6 35.58 328 40 328H48zM288 200C292.4 200 296 203.6 296 208V296H312C316.4 296 320 299.6 320 304C320 308.4 316.4 312 312 312H264C259.6 312 256 308.4 256 304C256 299.6 259.6 296 264 296H280V216H272C267.6 216 264 212.4 264 208C264 203.6 267.6 200 272 200H288zM160 256C160 185.3 217.3 128 288 128C358.7 128 416 185.3 416 256C416 326.7 358.7 384 288 384C217.3 384 160 326.7 160 256zM288 368C349.9 368 400 317.9 400 256C400 194.1 349.9 144 288 144C226.1 144 176 194.1 176 256C176 317.9 226.1 368 288 368zM512 64C547.3 64 576 92.65 576 128V384C576 419.3 547.3 448 512 448H64C28.65 448 0 419.3 0 384V128C0 92.65 28.65 64 64 64H512zM512 80H64C37.49 80 16 101.5 16 128V384C16 410.5 37.49 432 64 432H512C538.5 432 560 410.5 560 384V128C560 101.5 538.5 80 512 80z\"><\/path><\/svg>\t\t\t\t\t\t<\/span>\n\t\t\t\t\t\t\t\t\t\t<span class=\"elementor-icon-list-text\">El d\u00eda de su llegada deber\u00e1 entregar al conserje un cheque de fianza por valor de 1500 \u20ac.<\/span>\n\t\t\t\t\t\t\t\t\t<\/li>\n\t\t\t\t\t\t\t\t<li class=\"elementor-icon-list-item\">\n\t\t\t\t\t\t\t\t\t\t\t<span class=\"elementor-icon-list-icon\">\n\t\t\t\t\t\t\t<svg xmlns=\"http:\/\/www.w3.org\/2000\/svg\" viewbox=\"0 0 576 512\"><path d=\"M448 224V128c0-35.35-28.65-64-64-64H64C28.65 64 0 92.65 0 128v96c0 35.35 28.65 64 64 64h78.03c29.37 0 54.96-19.99 62.09-48.48l4.359-17.43C210.5 214 217.2 209.1 224 209.1s13.5 4.04 15.52 12.12l4.359 17.43C251 268 276.6 288 305.1 288H384C419.3 288 448 259.3 448 224zM259.4 235.6L255 218.2C251.4 203.7 238.9 193.1 224 193.1S196.6 203.7 192.1 218.2L188.6 235.6C183.2 257 164.1 272 142 272H64C37.53 272 16 250.5 16 224V128c0-26.47 21.53-48 48-48h320c26.47 0 48 21.53 48 48v96c0 26.47-21.53 48-48 48h-78.03C283.9 272 264.8 257 259.4 235.6zM544 32c-17.64 0-32 14.36-32 32v320c0 35.29-28.71 64-64 64s-64-28.71-64-64c0-17.64-14.36-32-32-32s-32 14.36-32 32c0 70.58 57.42 128 128 128s128-57.42 128-128V64C576 46.36 561.6 32 544 32zM560 384c0 61.75-50.25 112-112 112s-112-50.25-112-112c0-8.844 7.156-16 16-16s16 7.156 16 16c0 44.13 35.88 80 80 80s80-35.88 80-80V160h32V384zM560 144h-32V64c0-8.844 7.156-16 16-16s16 7.156 16 16V144z\"><\/path><\/svg>\t\t\t\t\t\t<\/span>\n\t\t\t\t\t\t\t\t\t\t<span class=\"elementor-icon-list-text\">El uso de la piscina es bajo su exclusiva responsabilidad.<\/span>\n\t\t\t\t\t\t\t\t\t<\/li>\n\t\t\t\t\t\t\t\t<li class=\"elementor-icon-list-item\">\n\t\t\t\t\t\t\t\t\t\t\t<span class=\"elementor-icon-list-icon\">\n\t\t\t\t\t\t\t<svg xmlns=\"http:\/\/www.w3.org\/2000\/svg\" viewbox=\"0 0 512 512\"><path d=\"M512 256C512 397.4 397.4 512 256 512C114.6 512 0 397.4 0 256C0 202.7 16.28 153.2 44.14 112.2C46.63 108.6 51.6 107.6 55.26 110.1C58.91 112.6 59.86 117.6 57.37 121.2C31.26 159.7 16 206 16 256C16 388.5 123.5 496 256 496C388.5 496 496 388.5 496 256C496 126.1 392.8 20.35 264 16.13V120C264 124.4 260.4 128 256 128C251.6 128 248 124.4 248 120V8C248 3.582 251.6 0 256 0C397.4 0 512 114.6 512 256zM261.7 250.3C264.8 253.5 264.8 258.5 261.7 261.7C258.5 264.8 253.5 264.8 250.3 261.7L154.3 165.7C151.2 162.5 151.2 157.5 154.3 154.3C157.5 151.2 162.5 151.2 165.7 154.3L261.7 250.3z\"><\/path><\/svg>\t\t\t\t\t\t<\/span>\n\t\t\t\t\t\t\t\t\t\t<span class=\"elementor-icon-list-text\">Cancelaci\u00f3n gratuita hasta 30 d\u00edas antes de su llegada. <\/span>\n\t\t\t\t\t\t\t\t\t<\/li>\n\t\t\t\t\t\t<\/ul>\n\t\t\t\t\t\t<\/div>\n\t\t\t\t<\/div>\n\t\t\t\t\t<\/div>\n\t\t\t\t<\/div>\n\t\t\t\t<\/div>","protected":false},"excerpt":{"rendered":"<p>Maison Divon Saint Paul La R\u00e9union Tarifs &amp; disponibilit\u00e9s Conditons de location Conditions g\u00e9n\u00e9rales Location \u00e0 partir de 5 nuit\u00e9es R\u00e9duction de 10% pour 7 nuits cons\u00e9cutives Pas de f\u00eates ou toutes autres activit\u00e9s provoquant des nuisances pour le voisinage Un ch\u00e8que de caution de 1500\u20ac devra \u00eatre remis au concierge le jour de votre [&hellip;]<\/p>\n","protected":false},"author":1,"featured_media":6850,"parent":0,"menu_order":0,"comment_status":"closed","ping_status":"closed","template":"elementor_header_footer","meta":{"footnotes":""},"class_list":["post-6309","page","type-page","status-publish","has-post-thumbnail","hentry"],"yoast_head":"<!-- This site is optimized with the Yoast SEO plugin v27.4 - https:\/\/yoast.com\/product\/yoast-seo-wordpress\/ -->\n<title>Tarifs &amp; disponibilit\u00e9s - Maison Divon |\u00a0Villa Saint Paul La R\u00e9union<\/title>\n<meta name=\"description\" content=\"Tarifs et disponibilit\u00e9s de la Villa \u00e0 st Paul La R\u00e9union, location villa meubl\u00e9e location saisonni\u00e8re piscine jardin plages\" \/>\n<meta name=\"robots\" content=\"index, follow, max-snippet:-1, max-image-preview:large, max-video-preview:-1\" \/>\n<link rel=\"canonical\" href=\"https:\/\/maisondivon.fr\/es\/tarifas-disponibilidad\/\" \/>\n<meta property=\"og:locale\" content=\"es_ES\" \/>\n<meta property=\"og:type\" content=\"article\" \/>\n<meta property=\"og:title\" content=\"Tarifs &amp; disponibilit\u00e9s - Maison Divon |\u00a0Villa Saint Paul La R\u00e9union\" \/>\n<meta property=\"og:description\" content=\"Tarifs et disponibilit\u00e9s de la Villa \u00e0 st Paul La R\u00e9union, location villa meubl\u00e9e location saisonni\u00e8re piscine jardin plages\" \/>\n<meta property=\"og:url\" content=\"https:\/\/maisondivon.fr\/es\/tarifas-disponibilidad\/\" \/>\n<meta property=\"og:site_name\" content=\"Maison Divon |\u00a0Villa Saint Paul La R\u00e9union\" \/>\n<meta property=\"article:modified_time\" content=\"2026-01-15T11:01:28+00:00\" \/>\n<meta property=\"og:image\" content=\"https:\/\/maisondivon.fr\/wp-content\/uploads\/2025\/01\/exterieur-maison-divon-saint-paul-la-reunion-maison-divon-exterieur-30-scaled.jpg\" \/>\n\t<meta property=\"og:image:width\" content=\"2560\" \/>\n\t<meta property=\"og:image:height\" content=\"1707\" \/>\n\t<meta property=\"og:image:type\" content=\"image\/jpeg\" \/>\n<meta name=\"twitter:card\" content=\"summary_large_image\" \/>\n<meta name=\"twitter:label1\" content=\"Tiempo estimado de lectura\" \/>\n\t<meta name=\"twitter:data1\" content=\"1 minuto\" \/>\n<script type=\"application\/ld+json\" class=\"yoast-schema-graph\">{\"@context\":\"https:\\\/\\\/schema.org\",\"@graph\":[{\"@type\":\"WebPage\",\"@id\":\"https:\\\/\\\/maisondivon.fr\\\/tarifs-disponibilites\\\/\",\"url\":\"https:\\\/\\\/maisondivon.fr\\\/tarifs-disponibilites\\\/\",\"name\":\"Tarifs & disponibilit\u00e9s - Maison Divon |\u00a0Villa Saint Paul La R\u00e9union\",\"isPartOf\":{\"@id\":\"https:\\\/\\\/maisondivon.fr\\\/#website\"},\"primaryImageOfPage\":{\"@id\":\"https:\\\/\\\/maisondivon.fr\\\/tarifs-disponibilites\\\/#primaryimage\"},\"image\":{\"@id\":\"https:\\\/\\\/maisondivon.fr\\\/tarifs-disponibilites\\\/#primaryimage\"},\"thumbnailUrl\":\"https:\\\/\\\/maisondivon.fr\\\/wp-content\\\/uploads\\\/2025\\\/01\\\/exterieur-maison-divon-saint-paul-la-reunion-maison-divon-exterieur-30-scaled.jpg\",\"datePublished\":\"2024-06-17T14:38:36+00:00\",\"dateModified\":\"2026-01-15T11:01:28+00:00\",\"description\":\"Tarifs et disponibilit\u00e9s de la Villa \u00e0 st Paul La R\u00e9union, location villa meubl\u00e9e location saisonni\u00e8re piscine jardin plages\",\"breadcrumb\":{\"@id\":\"https:\\\/\\\/maisondivon.fr\\\/tarifs-disponibilites\\\/#breadcrumb\"},\"inLanguage\":\"es-CL\",\"potentialAction\":[{\"@type\":\"ReadAction\",\"target\":[\"https:\\\/\\\/maisondivon.fr\\\/tarifs-disponibilites\\\/\"]}]},{\"@type\":\"ImageObject\",\"inLanguage\":\"es-CL\",\"@id\":\"https:\\\/\\\/maisondivon.fr\\\/tarifs-disponibilites\\\/#primaryimage\",\"url\":\"https:\\\/\\\/maisondivon.fr\\\/wp-content\\\/uploads\\\/2025\\\/01\\\/exterieur-maison-divon-saint-paul-la-reunion-maison-divon-exterieur-30-scaled.jpg\",\"contentUrl\":\"https:\\\/\\\/maisondivon.fr\\\/wp-content\\\/uploads\\\/2025\\\/01\\\/exterieur-maison-divon-saint-paul-la-reunion-maison-divon-exterieur-30-scaled.jpg\",\"width\":2560,\"height\":1707},{\"@type\":\"BreadcrumbList\",\"@id\":\"https:\\\/\\\/maisondivon.fr\\\/tarifs-disponibilites\\\/#breadcrumb\",\"itemListElement\":[{\"@type\":\"ListItem\",\"position\":1,\"name\":\"Accueil\",\"item\":\"https:\\\/\\\/maisondivon.fr\\\/\"},{\"@type\":\"ListItem\",\"position\":2,\"name\":\"Tarifs &#038; disponibilit\u00e9s\"}]},{\"@type\":\"WebSite\",\"@id\":\"https:\\\/\\\/maisondivon.fr\\\/#website\",\"url\":\"https:\\\/\\\/maisondivon.fr\\\/\",\"name\":\"Maison Divon |\u00a0Villa Saint Paul La R\u00e9union\",\"description\":\"Saint Paul La R\u00e9union\",\"publisher\":{\"@id\":\"https:\\\/\\\/maisondivon.fr\\\/#organization\"},\"potentialAction\":[{\"@type\":\"SearchAction\",\"target\":{\"@type\":\"EntryPoint\",\"urlTemplate\":\"https:\\\/\\\/maisondivon.fr\\\/?s={search_term_string}\"},\"query-input\":{\"@type\":\"PropertyValueSpecification\",\"valueRequired\":true,\"valueName\":\"search_term_string\"}}],\"inLanguage\":\"es-CL\"},{\"@type\":\"Organization\",\"@id\":\"https:\\\/\\\/maisondivon.fr\\\/#organization\",\"name\":\"Maison Divon |\u00a0Villa Saint Paul La R\u00e9union\",\"url\":\"https:\\\/\\\/maisondivon.fr\\\/\",\"logo\":{\"@type\":\"ImageObject\",\"inLanguage\":\"es-CL\",\"@id\":\"https:\\\/\\\/maisondivon.fr\\\/#\\\/schema\\\/logo\\\/image\\\/\",\"url\":\"https:\\\/\\\/maisondivon.fr\\\/wp-content\\\/uploads\\\/2025\\\/01\\\/2-1.png\",\"contentUrl\":\"https:\\\/\\\/maisondivon.fr\\\/wp-content\\\/uploads\\\/2025\\\/01\\\/2-1.png\",\"width\":1196,\"height\":379,\"caption\":\"Maison Divon |\u00a0Villa Saint Paul La R\u00e9union\"},\"image\":{\"@id\":\"https:\\\/\\\/maisondivon.fr\\\/#\\\/schema\\\/logo\\\/image\\\/\"}}]}<\/script>\n<!-- \/ Yoast SEO plugin. -->","yoast_head_json":{"title":"Tarifas y disponibilidad - Casa Divon | Villa Saint Paul La Reuni\u00f3n","description":"Tarifas y disponibilidad de la villa en St Paul, La Reuni\u00f3n, alquiler de villa amueblada, alquiler por temporada, piscina, jard\u00edn, playas.","robots":{"index":"index","follow":"follow","max-snippet":"max-snippet:-1","max-image-preview":"max-image-preview:large","max-video-preview":"max-video-preview:-1"},"canonical":"https:\/\/maisondivon.fr\/es\/tarifas-disponibilidad\/","og_locale":"es_ES","og_type":"article","og_title":"Tarifs & disponibilit\u00e9s - Maison Divon |\u00a0Villa Saint Paul La R\u00e9union","og_description":"Tarifs et disponibilit\u00e9s de la Villa \u00e0 st Paul La R\u00e9union, location villa meubl\u00e9e location saisonni\u00e8re piscine jardin plages","og_url":"https:\/\/maisondivon.fr\/es\/tarifas-disponibilidad\/","og_site_name":"Maison Divon |\u00a0Villa Saint Paul La R\u00e9union","article_modified_time":"2026-01-15T11:01:28+00:00","og_image":[{"width":2560,"height":1707,"url":"https:\/\/maisondivon.fr\/wp-content\/uploads\/2025\/01\/exterieur-maison-divon-saint-paul-la-reunion-maison-divon-exterieur-30-scaled.jpg","type":"image\/jpeg"}],"twitter_card":"summary_large_image","twitter_misc":{"Tiempo estimado de lectura":"1 minuto"},"schema":{"@context":"https:\/\/schema.org","@graph":[{"@type":"WebPage","@id":"https:\/\/maisondivon.fr\/tarifs-disponibilites\/","url":"https:\/\/maisondivon.fr\/tarifs-disponibilites\/","name":"Tarifas y disponibilidad - Casa Divon | Villa Saint Paul La Reuni\u00f3n","isPartOf":{"@id":"https:\/\/maisondivon.fr\/#website"},"primaryImageOfPage":{"@id":"https:\/\/maisondivon.fr\/tarifs-disponibilites\/#primaryimage"},"image":{"@id":"https:\/\/maisondivon.fr\/tarifs-disponibilites\/#primaryimage"},"thumbnailUrl":"https:\/\/maisondivon.fr\/wp-content\/uploads\/2025\/01\/exterieur-maison-divon-saint-paul-la-reunion-maison-divon-exterieur-30-scaled.jpg","datePublished":"2024-06-17T14:38:36+00:00","dateModified":"2026-01-15T11:01:28+00:00","description":"Tarifas y disponibilidad de la villa en St Paul, La Reuni\u00f3n, alquiler de villa amueblada, alquiler por temporada, piscina, jard\u00edn, playas.","breadcrumb":{"@id":"https:\/\/maisondivon.fr\/tarifs-disponibilites\/#breadcrumb"},"inLanguage":"es-CL","potentialAction":[{"@type":"ReadAction","target":["https:\/\/maisondivon.fr\/tarifs-disponibilites\/"]}]},{"@type":"ImageObject","inLanguage":"es-CL","@id":"https:\/\/maisondivon.fr\/tarifs-disponibilites\/#primaryimage","url":"https:\/\/maisondivon.fr\/wp-content\/uploads\/2025\/01\/exterieur-maison-divon-saint-paul-la-reunion-maison-divon-exterieur-30-scaled.jpg","contentUrl":"https:\/\/maisondivon.fr\/wp-content\/uploads\/2025\/01\/exterieur-maison-divon-saint-paul-la-reunion-maison-divon-exterieur-30-scaled.jpg","width":2560,"height":1707},{"@type":"BreadcrumbList","@id":"https:\/\/maisondivon.fr\/tarifs-disponibilites\/#breadcrumb","itemListElement":[{"@type":"ListItem","position":1,"name":"Accueil","item":"https:\/\/maisondivon.fr\/"},{"@type":"ListItem","position":2,"name":"Tarifs &#038; disponibilit\u00e9s"}]},{"@type":"WebSite","@id":"https:\/\/maisondivon.fr\/#website","url":"https:\/\/maisondivon.fr\/","name":"Casa Divon | Villa Saint Paul, Isla de la Reuni\u00f3n","description":"San Pablo, Isla de la Reuni\u00f3n","publisher":{"@id":"https:\/\/maisondivon.fr\/#organization"},"potentialAction":[{"@type":"SearchAction","target":{"@type":"EntryPoint","urlTemplate":"https:\/\/maisondivon.fr\/?s={search_term_string}"},"query-input":{"@type":"PropertyValueSpecification","valueRequired":true,"valueName":"search_term_string"}}],"inLanguage":"es-CL"},{"@type":"Organization","@id":"https:\/\/maisondivon.fr\/#organization","name":"Casa Divon | Villa Saint Paul, Isla de la Reuni\u00f3n","url":"https:\/\/maisondivon.fr\/","logo":{"@type":"ImageObject","inLanguage":"es-CL","@id":"https:\/\/maisondivon.fr\/#\/schema\/logo\/image\/","url":"https:\/\/maisondivon.fr\/wp-content\/uploads\/2025\/01\/2-1.png","contentUrl":"https:\/\/maisondivon.fr\/wp-content\/uploads\/2025\/01\/2-1.png","width":1196,"height":379,"caption":"Maison Divon |\u00a0Villa Saint Paul La R\u00e9union"},"image":{"@id":"https:\/\/maisondivon.fr\/#\/schema\/logo\/image\/"}}]}},"_links":{"self":[{"href":"https:\/\/maisondivon.fr\/es\/wp-json\/wp\/v2\/pages\/6309","targetHints":{"allow":["GET"]}}],"collection":[{"href":"https:\/\/maisondivon.fr\/es\/wp-json\/wp\/v2\/pages"}],"about":[{"href":"https:\/\/maisondivon.fr\/es\/wp-json\/wp\/v2\/types\/page"}],"author":[{"embeddable":true,"href":"https:\/\/maisondivon.fr\/es\/wp-json\/wp\/v2\/users\/1"}],"replies":[{"embeddable":true,"href":"https:\/\/maisondivon.fr\/es\/wp-json\/wp\/v2\/comments?post=6309"}],"version-history":[{"count":0,"href":"https:\/\/maisondivon.fr\/es\/wp-json\/wp\/v2\/pages\/6309\/revisions"}],"wp:featuredmedia":[{"embeddable":true,"href":"https:\/\/maisondivon.fr\/es\/wp-json\/wp\/v2\/media\/6850"}],"wp:attachment":[{"href":"https:\/\/maisondivon.fr\/es\/wp-json\/wp\/v2\/media?parent=6309"}],"curies":[{"name":"wp","href":"https:\/\/api.w.org\/{rel}","templated":true}]}}