{"id":2101,"date":"2021-03-22T04:00:22","date_gmt":"2021-03-22T04:00:22","guid":{"rendered":"http:\/\/localhost\/nuss\/?page_id=21"},"modified":"2025-07-03T13:42:33","modified_gmt":"2025-07-03T11:42:33","slug":"contacto-acceso","status":"publish","type":"page","link":"https:\/\/maisondivon.fr\/es\/contacto-acceso\/","title":{"rendered":"Contacto y acceso"},"content":{"rendered":"<div data-elementor-type=\"wp-page\" data-elementor-id=\"2101\" class=\"elementor elementor-2101\" data-elementor-post-type=\"page\">\n\t\t\t\t<div class=\"elementor-element elementor-element-decad0e e-con-full e-flex e-con e-parent\" data-id=\"decad0e\" data-element_type=\"container\" data-settings=\"{&quot;background_background&quot;:&quot;classic&quot;,&quot;animation&quot;:&quot;none&quot;}\">\n\t\t\t\t<div class=\"elementor-element elementor-element-722db6f elementor-widget elementor-widget-nuss-heading\" data-id=\"722db6f\" data-element_type=\"widget\" data-widget_type=\"nuss-heading.default\">\n\t\t\t\t<div class=\"elementor-widget-container\">\n\t\t\t\t\t\t\t<div class=\"nuss-modern-heading\">\r\n\t\t\t\t\t\t<div class=\"heading-secondary-wrap\">\r\n\t\t\t\t<span class=\"heading-secondary elementor-heading-title\">Casa Divon Saint Paul, La Reuni\u00f3n<\/span>\t\t\t<\/div>\r\n\t\t\r\n\t\t\t\t\t\t<div class=\"heading-primary-wrap\">\r\n\t\t\t\t<h2 class=\"heading-primary elementor-heading-title\">Contacto y acceso<\/h2>\t\t\t<\/div>\r\n\t\t\r\n\t\t\t\r\n\t\t\t\t\t<\/div>\r\n\t\t\t\t\t<\/div>\n\t\t\t\t<\/div>\n\t\t\t\t<\/div>\n\t\t\t\t<section class=\"elementor-section elementor-top-section elementor-element elementor-element-d451619 elementor-section-boxed elementor-section-gap-beside-yes elementor-section-height-default elementor-section-height-default elementor-section-column-vertical-align-stretch\" data-id=\"d451619\" data-element_type=\"section\">\n\t\t\t\t\t\t<div class=\"elementor-container elementor-column-gap-extended\">\n\t\t\t\t\t<div class=\"elementor-column elementor-col-50 elementor-top-column elementor-element elementor-element-49b1fb6\" data-id=\"49b1fb6\" data-element_type=\"column\">\n\t\t\t<div class=\"elementor-widget-wrap elementor-element-populated\">\n\t\t\t\t\t\t<div class=\"elementor-element elementor-element-bf70db1 elementor-invisible nuss-elementor-loading nuss-slide-in-up elementor-widget elementor-widget-image\" data-id=\"bf70db1\" data-element_type=\"widget\" data-settings=\"{&quot;_animation&quot;:&quot;nussSlideInUp&quot;}\" data-widget_type=\"image.default\">\n\t\t\t\t<div class=\"elementor-widget-container\">\n\t\t\t\t\t\t\t\t\t\t\t\t\t\t\t<img loading=\"lazy\" decoding=\"async\" width=\"2560\" height=\"1707\" src=\"https:\/\/maisondivon.fr\/wp-content\/uploads\/2025\/01\/exterieur-maison-divon-saint-paul-la-reunion-maison-divon-exterieur-18-scaled.jpg\" class=\"attachment-full size-full wp-image-6838\" alt=\"\" srcset=\"https:\/\/maisondivon.fr\/wp-content\/uploads\/2025\/01\/exterieur-maison-divon-saint-paul-la-reunion-maison-divon-exterieur-18-scaled.jpg 2560w, https:\/\/maisondivon.fr\/wp-content\/uploads\/2025\/01\/exterieur-maison-divon-saint-paul-la-reunion-maison-divon-exterieur-18-300x200.jpg 300w, https:\/\/maisondivon.fr\/wp-content\/uploads\/2025\/01\/exterieur-maison-divon-saint-paul-la-reunion-maison-divon-exterieur-18-1024x683.jpg 1024w, https:\/\/maisondivon.fr\/wp-content\/uploads\/2025\/01\/exterieur-maison-divon-saint-paul-la-reunion-maison-divon-exterieur-18-768x512.jpg 768w, https:\/\/maisondivon.fr\/wp-content\/uploads\/2025\/01\/exterieur-maison-divon-saint-paul-la-reunion-maison-divon-exterieur-18-1536x1024.jpg 1536w, https:\/\/maisondivon.fr\/wp-content\/uploads\/2025\/01\/exterieur-maison-divon-saint-paul-la-reunion-maison-divon-exterieur-18-2048x1365.jpg 2048w\" sizes=\"auto, (max-width: 2560px) 100vw, 2560px\" \/>\t\t\t\t\t\t\t\t\t\t\t\t\t\t\t<\/div>\n\t\t\t\t<\/div>\n\t\t\t\t\t<\/div>\n\t\t<\/div>\n\t\t\t\t<div class=\"elementor-column elementor-col-50 elementor-top-column elementor-element elementor-element-f585ae5\" data-id=\"f585ae5\" data-element_type=\"column\">\n\t\t\t<div class=\"elementor-widget-wrap elementor-element-populated\">\n\t\t\t\t\t\t<div class=\"elementor-element elementor-element-8479433 elementor-widget__width-inherit elementor-widget elementor-widget-image\" data-id=\"8479433\" data-element_type=\"widget\" data-widget_type=\"image.default\">\n\t\t\t\t<div class=\"elementor-widget-container\">\n\t\t\t\t\t\t\t\t\t\t\t\t\t\t\t<img loading=\"lazy\" decoding=\"async\" width=\"358\" height=\"376\" src=\"https:\/\/maisondivon.fr\/wp-content\/uploads\/2025\/01\/2-2.png\" class=\"attachment-large size-large wp-image-7317\" alt=\"\" srcset=\"https:\/\/maisondivon.fr\/wp-content\/uploads\/2025\/01\/2-2.png 358w, https:\/\/maisondivon.fr\/wp-content\/uploads\/2025\/01\/2-2-286x300.png 286w\" sizes=\"auto, (max-width: 358px) 100vw, 358px\" \/>\t\t\t\t\t\t\t\t\t\t\t\t\t\t\t<\/div>\n\t\t\t\t<\/div>\n\t\t\t\t<div class=\"elementor-element elementor-element-4112333 elementor-widget elementor-widget-nuss-heading\" data-id=\"4112333\" data-element_type=\"widget\" data-widget_type=\"nuss-heading.default\">\n\t\t\t\t<div class=\"elementor-widget-container\">\n\t\t\t\t\t\t\t<div class=\"nuss-modern-heading\">\r\n\t\t\t\t\t\t<div class=\"heading-secondary-wrap\">\r\n\t\t\t\t<span class=\"heading-secondary elementor-heading-title\">Escr\u00edbanos<\/span>\t\t\t<\/div>\r\n\t\t\r\n\t\t\t\t\t\t<div class=\"heading-primary-wrap\">\r\n\t\t\t\t<h2 class=\"heading-primary elementor-heading-title\">Formulario<\/h2>\t\t\t<\/div>\r\n\t\t\r\n\t\t\t\r\n\t\t\t\t\t<\/div>\r\n\t\t\t\t\t<\/div>\n\t\t\t\t<\/div>\n\t\t\t\t<div class=\"elementor-element elementor-element-5055c26 elementor-widget__width-initial elementor-invisible elementor-widget elementor-widget-text-editor\" data-id=\"5055c26\" data-element_type=\"widget\" data-settings=\"{&quot;_animation&quot;:&quot;nussFadeInUp&quot;}\" data-widget_type=\"text-editor.default\">\n\t\t\t\t<div class=\"elementor-widget-container\">\n\t\t\t\t\t\t\t\t\t<p>\u00bfNecesita informaci\u00f3n sobre la villa o tiene alguna pregunta sobre su reservaci\u00f3n?\u00a0<\/p>\t\t\t\t\t\t\t\t<\/div>\n\t\t\t\t<\/div>\n\t\t\t\t<div class=\"elementor-element elementor-element-246346c nuss-contact-form-style-01 nuss-button-align-stretch elementor-widget elementor-widget-nuss-contact-form-7\" data-id=\"246346c\" data-element_type=\"widget\" data-widget_type=\"nuss-contact-form-7.default\">\n\t\t\t\t<div class=\"elementor-widget-container\">\n\t\t\t\t\t\t\t<div class=\"nuss-contact-form-7\">\r\n\t\t\t\n<div class=\"wpcf7 no-js\" id=\"wpcf7-f15-o1\" lang=\"fr-FR\" dir=\"ltr\" data-wpcf7-id=\"15\">\n<div class=\"screen-reader-response\"><p role=\"status\" aria-live=\"polite\" aria-atomic=\"true\"><\/p> <ul><\/ul><\/div>\n<form action=\"\/es\/wp-json\/wp\/v2\/pages\/2101#wpcf7-f15-o1\" method=\"post\" class=\"wpcf7-form init\" aria-label=\"Formulario de contacto\" novalidate=\"novalidate\" data-status=\"init\" data-trp-original-action=\"\/es\/wp-json\/wp\/v2\/pages\/2101#wpcf7-f15-o1\">\n<fieldset class=\"hidden-fields-container\"><input type=\"hidden\" name=\"_wpcf7\" value=\"15\" \/><input type=\"hidden\" name=\"_wpcf7_version\" value=\"6.1.5\" \/><input type=\"hidden\" name=\"_wpcf7_locale\" value=\"fr_FR\" \/><input type=\"hidden\" name=\"_wpcf7_unit_tag\" value=\"wpcf7-f15-o1\" \/><input type=\"hidden\" name=\"_wpcf7_container_post\" value=\"0\" \/><input type=\"hidden\" name=\"_wpcf7_posted_data_hash\" value=\"\" \/>\n<\/fieldset>\n<p><label> Su nombre<br \/>\n<span class=\"wpcf7-form-control-wrap\" data-name=\"your-name\"><input size=\"40\" maxlength=\"400\" class=\"wpcf7-form-control wpcf7-text wpcf7-validates-as-required\" autocomplete=\"name\" aria-required=\"true\" aria-invalid=\"false\" value=\"\" type=\"text\" name=\"your-name\" \/><\/span> <\/label>\n<\/p>\n<p><label> Su correo electr\u00f3nico<br \/>\n<span class=\"wpcf7-form-control-wrap\" data-name=\"your-email\"><input size=\"40\" maxlength=\"400\" class=\"wpcf7-form-control wpcf7-email wpcf7-validates-as-required wpcf7-text wpcf7-validates-as-email\" autocomplete=\"email\" aria-required=\"true\" aria-invalid=\"false\" value=\"\" type=\"email\" name=\"your-email\" \/><\/span> <\/label>\n<\/p>\n<p><label> Su mensaje<br \/>\n<span class=\"wpcf7-form-control-wrap\" data-name=\"your-message\"><textarea cols=\"40\" rows=\"10\" maxlength=\"2000\" class=\"wpcf7-form-control wpcf7-textarea wpcf7-validates-as-required\" aria-required=\"true\" aria-invalid=\"false\" name=\"your-message\"><\/textarea><\/span> <\/label>\n<\/p>\n<p><input class=\"wpcf7-form-control wpcf7-submit has-spinner\" type=\"submit\" value=\"Enviar\" \/>\n<\/p><div class=\"wpcf7-response-output\" aria-hidden=\"true\"><\/div>\n<input type=\"hidden\" name=\"trp-form-language\" value=\"es\"\/><\/form>\n<\/div>\n\t\t<\/div>\r\n\t\t\t\t\t\t<\/div>\n\t\t\t\t<\/div>\n\t\t\t\t\t<\/div>\n\t\t<\/div>\n\t\t\t\t\t<\/div>\n\t\t<\/section>\n\t\t\t\t<section class=\"elementor-section elementor-top-section elementor-element elementor-element-89de821 elementor-section-stretched elementor-section-full_width elementor-section-gap-beside-yes elementor-section-height-default elementor-section-height-default elementor-section-column-vertical-align-stretch elementor-invisible\" data-id=\"89de821\" data-element_type=\"section\" data-settings=\"{&quot;stretch_section&quot;:&quot;section-stretched&quot;,&quot;background_background&quot;:&quot;classic&quot;,&quot;animation&quot;:&quot;fadeIn&quot;,&quot;animation_delay&quot;:500}\">\n\t\t\t\t\t\t\t<div class=\"elementor-background-overlay\"><\/div>\n\t\t\t\t\t\t\t<div class=\"elementor-container elementor-column-gap-extended\">\n\t\t\t\t\t<div class=\"elementor-column elementor-col-50 elementor-top-column elementor-element elementor-element-506edb8\" data-id=\"506edb8\" data-element_type=\"column\">\n\t\t\t<div class=\"elementor-widget-wrap elementor-element-populated\">\n\t\t\t\t\t\t<div class=\"elementor-element elementor-element-77356ab1 elementor-widget__width-inherit elementor-widget elementor-widget-image\" data-id=\"77356ab1\" data-element_type=\"widget\" data-widget_type=\"image.default\">\n\t\t\t\t<div class=\"elementor-widget-container\">\n\t\t\t\t\t\t\t\t\t\t\t\t\t\t\t<img loading=\"lazy\" decoding=\"async\" width=\"358\" height=\"376\" src=\"https:\/\/maisondivon.fr\/wp-content\/uploads\/2025\/01\/2-2.png\" class=\"attachment-large size-large wp-image-7317\" alt=\"\" srcset=\"https:\/\/maisondivon.fr\/wp-content\/uploads\/2025\/01\/2-2.png 358w, https:\/\/maisondivon.fr\/wp-content\/uploads\/2025\/01\/2-2-286x300.png 286w\" sizes=\"auto, (max-width: 358px) 100vw, 358px\" \/>\t\t\t\t\t\t\t\t\t\t\t\t\t\t\t<\/div>\n\t\t\t\t<\/div>\n\t\t\t\t<div class=\"elementor-element elementor-element-73e29d6e elementor-widget elementor-widget-nuss-heading\" data-id=\"73e29d6e\" data-element_type=\"widget\" data-widget_type=\"nuss-heading.default\">\n\t\t\t\t<div class=\"elementor-widget-container\">\n\t\t\t\t\t\t\t<div class=\"nuss-modern-heading\">\r\n\t\t\t\t\t\t<div class=\"heading-secondary-wrap\">\r\n\t\t\t\t<span class=\"heading-secondary elementor-heading-title\">D\u00f3nde encontrarnos<\/span>\t\t\t<\/div>\r\n\t\t\r\n\t\t\t\t\t\t<div class=\"heading-primary-wrap\">\r\n\t\t\t\t<h2 class=\"heading-primary elementor-heading-title\">Ubicaci\u00f3n<\/h2>\t\t\t<\/div>\r\n\t\t\r\n\t\t\t\r\n\t\t\t\t\t<\/div>\r\n\t\t\t\t\t<\/div>\n\t\t\t\t<\/div>\n\t\t\t\t<div class=\"elementor-element elementor-element-17fe3e9 elementor-invisible elementor-widget elementor-widget-text-editor\" data-id=\"17fe3e9\" data-element_type=\"widget\" data-settings=\"{&quot;_animation&quot;:&quot;nussFadeInUp&quot;}\" data-widget_type=\"text-editor.default\">\n\t\t\t\t<div class=\"elementor-widget-container\">\n\t\t\t\t\t\t\t\t\t<p>84 Camino de la sabana\u00a0<br \/>97460 Saint-Paul, La Reuni\u00f3n<\/p>\t\t\t\t\t\t\t\t<\/div>\n\t\t\t\t<\/div>\n\t\t\t\t\t<\/div>\n\t\t<\/div>\n\t\t\t\t<div class=\"elementor-column elementor-col-50 elementor-top-column elementor-element elementor-element-7723235\" data-id=\"7723235\" data-element_type=\"column\">\n\t\t\t<div class=\"elementor-widget-wrap elementor-element-populated\">\n\t\t\t\t\t\t<div class=\"elementor-element elementor-element-3dbc2d3 elementor-widget elementor-widget-html\" data-id=\"3dbc2d3\" data-element_type=\"widget\" data-widget_type=\"html.default\">\n\t\t\t\t<div class=\"elementor-widget-container\">\n\t\t\t\t\t<iframe style=\"filter:grayscale(0.8);\" src=\"https:\/\/www.google.com\/maps\/embed?pb=!1m18!1m12!1m3!1d26755.06206250723!2d55.28210820949762!3d-21.010856273075433!2m3!1f0!2f0!3f0!3m2!1i1024!2i768!4f13.1!3m3!1m2!1s0x21828fa02e650991%3A0xac0300fe21e7ec9a!2s84%20Chem.%20de%20la%20Savane%2C%20Saint-Paul%2097460%2C%20La%20R%C3%A9union!5e0!3m2!1sfr!2sde!4v1736343207242!5m2!1sfr!2sde\" width=\"600\" height=\"450\" allowfullscreen=\"\" loading=\"lazy\" referrerpolicy=\"no-referrer-when-downgrade\"><\/iframe>\t\t\t\t<\/div>\n\t\t\t\t<\/div>\n\t\t\t\t\t<\/div>\n\t\t<\/div>\n\t\t\t\t\t<\/div>\n\t\t<\/section>\n\t\t\t\t<\/div>","protected":false},"excerpt":{"rendered":"<p>Maison Divon Saint Paul La R\u00e9union Contacto &amp; Acceso Escr\u00edbenos Formulario \u00bfNecesitas informaci\u00f3n sobre la villa o tienes alguna pregunta sobre tu reserva?\u00a0 Tu nombre Tu e-mail Tu mensaje Encontrarnos Ubicaci\u00f3n 84 Chemin de la savane\u00a097460 Saint-Paul, La R\u00e9union<\/p>","protected":false},"author":1,"featured_media":6850,"parent":0,"menu_order":0,"comment_status":"closed","ping_status":"closed","template":"elementor_header_footer","meta":{"footnotes":""},"class_list":["post-2101","page","type-page","status-publish","has-post-thumbnail","hentry"],"yoast_head":"<!-- This site is optimized with the Yoast SEO plugin v27.4 - https:\/\/yoast.com\/product\/yoast-seo-wordpress\/ -->\n<title>Contact &amp; acc\u00e8s - Maison Divon |\u00a0Villa Saint Paul La R\u00e9union<\/title>\n<meta name=\"description\" content=\"Villa \u00e0 Saint Paul La R\u00e9union, location villa meubl\u00e9e location saisonni\u00e8re piscine jardin vue mer proche plages \u00e0 Saint Paul La R\u00e9union\" \/>\n<meta name=\"robots\" content=\"index, follow, max-snippet:-1, max-image-preview:large, max-video-preview:-1\" \/>\n<link rel=\"canonical\" href=\"https:\/\/maisondivon.fr\/es\/contacto-acceso\/\" \/>\n<meta property=\"og:locale\" content=\"es_ES\" \/>\n<meta property=\"og:type\" content=\"article\" \/>\n<meta property=\"og:title\" content=\"Contact &amp; acc\u00e8s - Maison Divon |\u00a0Villa Saint Paul La R\u00e9union\" \/>\n<meta property=\"og:description\" content=\"Villa \u00e0 Saint Paul La R\u00e9union, location villa meubl\u00e9e location saisonni\u00e8re piscine jardin vue mer proche plages \u00e0 Saint Paul La R\u00e9union\" \/>\n<meta property=\"og:url\" content=\"https:\/\/maisondivon.fr\/es\/contacto-acceso\/\" \/>\n<meta property=\"og:site_name\" content=\"Maison Divon |\u00a0Villa Saint Paul La R\u00e9union\" \/>\n<meta property=\"article:modified_time\" content=\"2025-07-03T11:42:33+00:00\" \/>\n<meta property=\"og:image\" content=\"https:\/\/maisondivon.fr\/wp-content\/uploads\/2025\/01\/exterieur-maison-divon-saint-paul-la-reunion-maison-divon-exterieur-30-scaled.jpg\" \/>\n\t<meta property=\"og:image:width\" content=\"2560\" \/>\n\t<meta property=\"og:image:height\" content=\"1707\" \/>\n\t<meta property=\"og:image:type\" content=\"image\/jpeg\" \/>\n<meta name=\"twitter:card\" content=\"summary_large_image\" \/>\n<meta name=\"twitter:label1\" content=\"Tiempo estimado de lectura\" \/>\n\t<meta name=\"twitter:data1\" content=\"1 minuto\" \/>\n<script type=\"application\/ld+json\" class=\"yoast-schema-graph\">{\"@context\":\"https:\\\/\\\/schema.org\",\"@graph\":[{\"@type\":\"WebPage\",\"@id\":\"https:\\\/\\\/maisondivon.fr\\\/contact-acces\\\/\",\"url\":\"https:\\\/\\\/maisondivon.fr\\\/contact-acces\\\/\",\"name\":\"Contact & acc\u00e8s - Maison Divon |\u00a0Villa Saint Paul La R\u00e9union\",\"isPartOf\":{\"@id\":\"https:\\\/\\\/maisondivon.fr\\\/#website\"},\"primaryImageOfPage\":{\"@id\":\"https:\\\/\\\/maisondivon.fr\\\/contact-acces\\\/#primaryimage\"},\"image\":{\"@id\":\"https:\\\/\\\/maisondivon.fr\\\/contact-acces\\\/#primaryimage\"},\"thumbnailUrl\":\"https:\\\/\\\/maisondivon.fr\\\/wp-content\\\/uploads\\\/2025\\\/01\\\/exterieur-maison-divon-saint-paul-la-reunion-maison-divon-exterieur-30-scaled.jpg\",\"datePublished\":\"2021-03-22T04:00:22+00:00\",\"dateModified\":\"2025-07-03T11:42:33+00:00\",\"description\":\"Villa \u00e0 Saint Paul La R\u00e9union, location villa meubl\u00e9e location saisonni\u00e8re piscine jardin vue mer proche plages \u00e0 Saint Paul La R\u00e9union\",\"breadcrumb\":{\"@id\":\"https:\\\/\\\/maisondivon.fr\\\/contact-acces\\\/#breadcrumb\"},\"inLanguage\":\"es-CL\",\"potentialAction\":[{\"@type\":\"ReadAction\",\"target\":[\"https:\\\/\\\/maisondivon.fr\\\/contact-acces\\\/\"]}]},{\"@type\":\"ImageObject\",\"inLanguage\":\"es-CL\",\"@id\":\"https:\\\/\\\/maisondivon.fr\\\/contact-acces\\\/#primaryimage\",\"url\":\"https:\\\/\\\/maisondivon.fr\\\/wp-content\\\/uploads\\\/2025\\\/01\\\/exterieur-maison-divon-saint-paul-la-reunion-maison-divon-exterieur-30-scaled.jpg\",\"contentUrl\":\"https:\\\/\\\/maisondivon.fr\\\/wp-content\\\/uploads\\\/2025\\\/01\\\/exterieur-maison-divon-saint-paul-la-reunion-maison-divon-exterieur-30-scaled.jpg\",\"width\":2560,\"height\":1707},{\"@type\":\"BreadcrumbList\",\"@id\":\"https:\\\/\\\/maisondivon.fr\\\/contact-acces\\\/#breadcrumb\",\"itemListElement\":[{\"@type\":\"ListItem\",\"position\":1,\"name\":\"Accueil\",\"item\":\"https:\\\/\\\/maisondivon.fr\\\/\"},{\"@type\":\"ListItem\",\"position\":2,\"name\":\"Contact &#038; acc\u00e8s\"}]},{\"@type\":\"WebSite\",\"@id\":\"https:\\\/\\\/maisondivon.fr\\\/#website\",\"url\":\"https:\\\/\\\/maisondivon.fr\\\/\",\"name\":\"Maison Divon |\u00a0Villa Saint Paul La R\u00e9union\",\"description\":\"Saint Paul La R\u00e9union\",\"publisher\":{\"@id\":\"https:\\\/\\\/maisondivon.fr\\\/#organization\"},\"potentialAction\":[{\"@type\":\"SearchAction\",\"target\":{\"@type\":\"EntryPoint\",\"urlTemplate\":\"https:\\\/\\\/maisondivon.fr\\\/?s={search_term_string}\"},\"query-input\":{\"@type\":\"PropertyValueSpecification\",\"valueRequired\":true,\"valueName\":\"search_term_string\"}}],\"inLanguage\":\"es-CL\"},{\"@type\":\"Organization\",\"@id\":\"https:\\\/\\\/maisondivon.fr\\\/#organization\",\"name\":\"Maison Divon |\u00a0Villa Saint Paul La R\u00e9union\",\"url\":\"https:\\\/\\\/maisondivon.fr\\\/\",\"logo\":{\"@type\":\"ImageObject\",\"inLanguage\":\"es-CL\",\"@id\":\"https:\\\/\\\/maisondivon.fr\\\/#\\\/schema\\\/logo\\\/image\\\/\",\"url\":\"https:\\\/\\\/maisondivon.fr\\\/wp-content\\\/uploads\\\/2025\\\/01\\\/2-1.png\",\"contentUrl\":\"https:\\\/\\\/maisondivon.fr\\\/wp-content\\\/uploads\\\/2025\\\/01\\\/2-1.png\",\"width\":1196,\"height\":379,\"caption\":\"Maison Divon |\u00a0Villa Saint Paul La R\u00e9union\"},\"image\":{\"@id\":\"https:\\\/\\\/maisondivon.fr\\\/#\\\/schema\\\/logo\\\/image\\\/\"}}]}<\/script>\n<!-- \/ Yoast SEO plugin. -->","yoast_head_json":{"title":"Contacto y acceso - Maison Divon | Villa Saint Paul La Reuni\u00f3n","description":"Villa en Saint Paul, Reuni\u00f3n, alquiler de villa amueblada, alquiler de temporada, piscina, jard\u00edn, vistas al mar, cerca de las playas de Saint Paul, Reuni\u00f3n.","robots":{"index":"index","follow":"follow","max-snippet":"max-snippet:-1","max-image-preview":"max-image-preview:large","max-video-preview":"max-video-preview:-1"},"canonical":"https:\/\/maisondivon.fr\/es\/contacto-acceso\/","og_locale":"es_ES","og_type":"article","og_title":"Contact & acc\u00e8s - Maison Divon |\u00a0Villa Saint Paul La R\u00e9union","og_description":"Villa \u00e0 Saint Paul La R\u00e9union, location villa meubl\u00e9e location saisonni\u00e8re piscine jardin vue mer proche plages \u00e0 Saint Paul La R\u00e9union","og_url":"https:\/\/maisondivon.fr\/es\/contacto-acceso\/","og_site_name":"Maison Divon |\u00a0Villa Saint Paul La R\u00e9union","article_modified_time":"2025-07-03T11:42:33+00:00","og_image":[{"width":2560,"height":1707,"url":"https:\/\/maisondivon.fr\/wp-content\/uploads\/2025\/01\/exterieur-maison-divon-saint-paul-la-reunion-maison-divon-exterieur-30-scaled.jpg","type":"image\/jpeg"}],"twitter_card":"summary_large_image","twitter_misc":{"Tiempo estimado de lectura":"1 minuto"},"schema":{"@context":"https:\/\/schema.org","@graph":[{"@type":"WebPage","@id":"https:\/\/maisondivon.fr\/contact-acces\/","url":"https:\/\/maisondivon.fr\/contact-acces\/","name":"Contacto y acceso - Maison Divon | Villa Saint Paul La Reuni\u00f3n","isPartOf":{"@id":"https:\/\/maisondivon.fr\/#website"},"primaryImageOfPage":{"@id":"https:\/\/maisondivon.fr\/contact-acces\/#primaryimage"},"image":{"@id":"https:\/\/maisondivon.fr\/contact-acces\/#primaryimage"},"thumbnailUrl":"https:\/\/maisondivon.fr\/wp-content\/uploads\/2025\/01\/exterieur-maison-divon-saint-paul-la-reunion-maison-divon-exterieur-30-scaled.jpg","datePublished":"2021-03-22T04:00:22+00:00","dateModified":"2025-07-03T11:42:33+00:00","description":"Villa en Saint Paul, Reuni\u00f3n, alquiler de villa amueblada, alquiler de temporada, piscina, jard\u00edn, vistas al mar, cerca de las playas de Saint Paul, Reuni\u00f3n.","breadcrumb":{"@id":"https:\/\/maisondivon.fr\/contact-acces\/#breadcrumb"},"inLanguage":"es-CL","potentialAction":[{"@type":"ReadAction","target":["https:\/\/maisondivon.fr\/contact-acces\/"]}]},{"@type":"ImageObject","inLanguage":"es-CL","@id":"https:\/\/maisondivon.fr\/contact-acces\/#primaryimage","url":"https:\/\/maisondivon.fr\/wp-content\/uploads\/2025\/01\/exterieur-maison-divon-saint-paul-la-reunion-maison-divon-exterieur-30-scaled.jpg","contentUrl":"https:\/\/maisondivon.fr\/wp-content\/uploads\/2025\/01\/exterieur-maison-divon-saint-paul-la-reunion-maison-divon-exterieur-30-scaled.jpg","width":2560,"height":1707},{"@type":"BreadcrumbList","@id":"https:\/\/maisondivon.fr\/contact-acces\/#breadcrumb","itemListElement":[{"@type":"ListItem","position":1,"name":"Accueil","item":"https:\/\/maisondivon.fr\/"},{"@type":"ListItem","position":2,"name":"Contact &#038; acc\u00e8s"}]},{"@type":"WebSite","@id":"https:\/\/maisondivon.fr\/#website","url":"https:\/\/maisondivon.fr\/","name":"Casa Divon | Villa Saint Paul, Isla de la Reuni\u00f3n","description":"San Pablo, Isla de la Reuni\u00f3n","publisher":{"@id":"https:\/\/maisondivon.fr\/#organization"},"potentialAction":[{"@type":"SearchAction","target":{"@type":"EntryPoint","urlTemplate":"https:\/\/maisondivon.fr\/?s={search_term_string}"},"query-input":{"@type":"PropertyValueSpecification","valueRequired":true,"valueName":"search_term_string"}}],"inLanguage":"es-CL"},{"@type":"Organization","@id":"https:\/\/maisondivon.fr\/#organization","name":"Casa Divon | Villa Saint Paul, Isla de la Reuni\u00f3n","url":"https:\/\/maisondivon.fr\/","logo":{"@type":"ImageObject","inLanguage":"es-CL","@id":"https:\/\/maisondivon.fr\/#\/schema\/logo\/image\/","url":"https:\/\/maisondivon.fr\/wp-content\/uploads\/2025\/01\/2-1.png","contentUrl":"https:\/\/maisondivon.fr\/wp-content\/uploads\/2025\/01\/2-1.png","width":1196,"height":379,"caption":"Maison Divon |\u00a0Villa Saint Paul La R\u00e9union"},"image":{"@id":"https:\/\/maisondivon.fr\/#\/schema\/logo\/image\/"}}]}},"_links":{"self":[{"href":"https:\/\/maisondivon.fr\/es\/wp-json\/wp\/v2\/pages\/2101","targetHints":{"allow":["GET"]}}],"collection":[{"href":"https:\/\/maisondivon.fr\/es\/wp-json\/wp\/v2\/pages"}],"about":[{"href":"https:\/\/maisondivon.fr\/es\/wp-json\/wp\/v2\/types\/page"}],"author":[{"embeddable":true,"href":"https:\/\/maisondivon.fr\/es\/wp-json\/wp\/v2\/users\/1"}],"replies":[{"embeddable":true,"href":"https:\/\/maisondivon.fr\/es\/wp-json\/wp\/v2\/comments?post=2101"}],"version-history":[{"count":0,"href":"https:\/\/maisondivon.fr\/es\/wp-json\/wp\/v2\/pages\/2101\/revisions"}],"wp:featuredmedia":[{"embeddable":true,"href":"https:\/\/maisondivon.fr\/es\/wp-json\/wp\/v2\/media\/6850"}],"wp:attachment":[{"href":"https:\/\/maisondivon.fr\/es\/wp-json\/wp\/v2\/media?parent=2101"}],"curies":[{"name":"wp","href":"https:\/\/api.w.org\/{rel}","templated":true}]}}