{"id":7810,"date":"2025-02-19T09:22:33","date_gmt":"2025-02-19T08:22:33","guid":{"rendered":"https:\/\/maisondivon.fr\/?page_id=7810"},"modified":"2025-02-19T09:23:58","modified_gmt":"2025-02-19T08:23:58","slug":"cgv","status":"publish","type":"page","link":"https:\/\/maisondivon.fr\/en\/cgv\/","title":{"rendered":"GTC"},"content":{"rendered":"<div data-elementor-type=\"wp-page\" data-elementor-id=\"7810\" class=\"elementor elementor-7810\" data-elementor-post-type=\"page\">\n\t\t\t\t<div class=\"elementor-element elementor-element-e89ee44 e-con-full e-flex e-con e-parent\" data-id=\"e89ee44\" data-element_type=\"container\" data-settings=\"{&quot;background_background&quot;:&quot;classic&quot;}\">\n\t\t\t\t<div class=\"elementor-element elementor-element-f308c8d elementor-widget elementor-widget-nuss-heading\" data-id=\"f308c8d\" data-element_type=\"widget\" data-widget_type=\"nuss-heading.default\">\n\t\t\t\t<div class=\"elementor-widget-container\">\n\t\t\t\t\t\t\t<div class=\"nuss-modern-heading\">\r\n\t\t\t\t\t\t<div class=\"heading-secondary-wrap\">\r\n\t\t\t\t<span class=\"heading-secondary elementor-heading-title\">Maison Divon Saint Paul La R\u00e9union<\/span>\t\t\t<\/div>\r\n\t\t\r\n\t\t\t\t\t\t<div class=\"heading-primary-wrap\">\r\n\t\t\t\t<h2 class=\"heading-primary elementor-heading-title\">Terms and conditions of cancellation<\/h2>\t\t\t<\/div>\r\n\t\t\r\n\t\t\t\r\n\t\t\t\t\t<\/div>\r\n\t\t\t\t\t<\/div>\n\t\t\t\t<\/div>\n\t\t\t\t<\/div>\n\t\t<div class=\"elementor-element elementor-element-560ccc9 e-flex e-con-boxed e-con e-parent\" data-id=\"560ccc9\" data-element_type=\"container\">\n\t\t\t\t\t<div class=\"e-con-inner\">\n\t\t\t\t<div class=\"elementor-element elementor-element-314ed9b elementor-widget elementor-widget-text-editor\" data-id=\"314ed9b\" data-element_type=\"widget\" data-widget_type=\"text-editor.default\">\n\t\t\t\t<div class=\"elementor-widget-container\">\n\t\t\t\t\t\t\t\t\t<h3 data-start=\"215\" data-end=\"270\"><strong style=\"font-size: 28px; letter-spacing: inherit; text-align: var(--text-align);\" data-start=\"277\" data-end=\"289\">1. Purpose<\/strong><\/h3><p data-start=\"292\" data-end=\"456\">These terms and conditions govern the booking and cancellation of stays in our establishment, as well as the rights and obligations of the parties.<\/p><h4 data-start=\"458\" data-end=\"499\"><strong data-start=\"463\" data-end=\"497\">2. Pricing and booking<\/strong><\/h4><ul data-start=\"500\" data-end=\"758\"><li data-start=\"500\" data-end=\"615\">Overnight rates are quoted in euros (\u20ac) and include all applicable taxes, unless otherwise stated.<\/li><li data-start=\"616\" data-end=\"689\">Reservations are confirmed upon receipt of full payment.<\/li><li data-start=\"690\" data-end=\"758\">The rate displayed at the time of booking applies.<\/li><\/ul><h4 data-start=\"760\" data-end=\"797\"><strong data-start=\"765\" data-end=\"795\">3. Cancellation conditions<\/strong><\/h4><p data-start=\"798\" data-end=\"907\">We understand that unforeseen circumstances may arise and have a clear cancellation policy in place:<\/p><ul data-start=\"909\" data-end=\"1499\"><li data-start=\"909\" data-end=\"1030\"><p data-start=\"911\" data-end=\"1030\"><strong data-start=\"911\" data-end=\"969\">Cancellation at least 30 days prior to arrival :<\/strong><br data-start=\"969\" data-end=\"972\" \/>\u279d <strong data-start=\"976\" data-end=\"1002\">Full refund<\/strong> 100 % of the amount paid.<\/p><\/li><li data-start=\"1032\" data-end=\"1244\"><p data-start=\"1034\" data-end=\"1244\"><strong data-start=\"1034\" data-end=\"1094\">Cancellation between 30 and 7 days prior to arrival :<\/strong><br data-start=\"1094\" data-end=\"1097\" \/>\u279d <strong data-start=\"1101\" data-end=\"1126\">Partial refund<\/strong> corresponding to <strong data-start=\"1143\" data-end=\"1174\">50 % of the price of each night<\/strong> reserved.<br data-start=\"1184\" data-end=\"1187\" \/>\u279d Service charges are not <strong data-start=\"1220\" data-end=\"1241\">non-refundable<\/strong>.<\/p><\/li><li data-start=\"1246\" data-end=\"1358\"><p data-start=\"1248\" data-end=\"1358\"><strong data-start=\"1248\" data-end=\"1305\">Cancellation less than 7 days before arrival :<\/strong><br data-start=\"1305\" data-end=\"1308\" \/>\u279d No refunds will be made.<\/p><\/li><li data-start=\"1360\" data-end=\"1499\"><p data-start=\"1362\" data-end=\"1499\"><strong data-start=\"1362\" data-end=\"1383\">Housekeeping :<\/strong><br data-start=\"1383\" data-end=\"1386\" \/>\u279d If you cancel your stay before arrival, you will be charged for the cleaning service. <strong data-start=\"1468\" data-end=\"1496\">fully refunded<\/strong>.<\/p><\/li><\/ul><h4 data-start=\"1501\" data-end=\"1543\"><strong data-start=\"1506\" data-end=\"1541\">4. Reservation changes<\/strong><\/h4><ul data-start=\"1544\" data-end=\"1788\"><li data-start=\"1544\" data-end=\"1692\">Any request to change a booking (dates, number of passengers) is subject to availability and may result in a price adjustment.<\/li><li data-start=\"1693\" data-end=\"1788\">We do not guarantee that changes can be made after the reservation has been confirmed.<\/li><\/ul><h4 data-start=\"1790\" data-end=\"1839\"><strong data-start=\"1795\" data-end=\"1837\">5. No-shows and early departure<\/strong><\/h4><ul data-start=\"1840\" data-end=\"2026\"><li data-start=\"1840\" data-end=\"1959\">In the event of a no-show on the day of arrival, the total cost of the reservation will be charged. <strong data-start=\"1930\" data-end=\"1956\">due and non-refundable<\/strong>.<\/li><li data-start=\"1960\" data-end=\"2026\">No refunds will be given for early departure.<\/li><\/ul><h4 data-start=\"2028\" data-end=\"2055\"><strong data-start=\"2033\" data-end=\"2053\">6. Force Majeure<\/strong><\/h4><p data-start=\"2056\" data-end=\"2335\">In the event of exceptional circumstances beyond our control (natural disasters, pandemics, government bans, etc.), a postponement or refund may be considered, in accordance with the terms and conditions of the contract. <strong data-start=\"2269\" data-end=\"2299\">extraordinary conditions<\/strong> defined by our company.<\/p><h4 data-start=\"2337\" data-end=\"2377\"><strong data-start=\"2342\" data-end=\"2375\">7. Traveller's liability<\/strong><\/h4><ul data-start=\"2378\" data-end=\"2606\"><li data-start=\"2378\" data-end=\"2495\">The tenant undertakes to respect the rented premises and to inform the establishment immediately in the event of any problem.<\/li><li data-start=\"2496\" data-end=\"2606\">Any damage or failure to comply with the rules of the accommodation may result in additional charges.<\/li><\/ul><h4 data-start=\"2608\" data-end=\"2648\"><strong data-start=\"2613\" data-end=\"2646\">8. Acceptance of Conditions<\/strong><\/h4><p data-start=\"2649\" data-end=\"2779\">Any reservation made on our website implies full acceptance of these terms and conditions.<\/p>\t\t\t\t\t\t\t\t<\/div>\n\t\t\t\t<\/div>\n\t\t\t\t\t<\/div>\n\t\t\t\t<\/div>\n\t\t\t\t<\/div>","protected":false},"excerpt":{"rendered":"<p>Maison Divon Saint Paul La R\u00e9union Conditions G\u00e9n\u00e9rales de Vente annulation 1. Objet Les pr\u00e9sentes conditions g\u00e9n\u00e9rales r\u00e9gissent la r\u00e9servation et l&rsquo;annulation des s\u00e9jours dans notre \u00e9tablissement, ainsi que les droits et obligations des parties. 2. Tarification et R\u00e9servation Le prix de la nuit\u00e9e est indiqu\u00e9 en euros (\u20ac) et comprend toutes les taxes applicables, [&hellip;]<\/p>\n","protected":false},"author":1,"featured_media":0,"parent":0,"menu_order":0,"comment_status":"closed","ping_status":"closed","template":"elementor_header_footer","meta":{"footnotes":""},"class_list":["post-7810","page","type-page","status-publish","hentry","post-no-thumbnail"],"yoast_head":"<!-- This site is optimized with the Yoast SEO plugin v27.4 - https:\/\/yoast.com\/product\/yoast-seo-wordpress\/ -->\n<title>CGV - Maison Divon |\u00a0Villa Saint Paul La R\u00e9union<\/title>\n<meta name=\"robots\" content=\"index, follow, max-snippet:-1, max-image-preview:large, max-video-preview:-1\" \/>\n<link rel=\"canonical\" href=\"https:\/\/maisondivon.fr\/en\/cgv\/\" \/>\n<meta property=\"og:locale\" content=\"en_US\" \/>\n<meta property=\"og:type\" content=\"article\" \/>\n<meta property=\"og:title\" content=\"CGV - Maison Divon |\u00a0Villa Saint Paul La R\u00e9union\" \/>\n<meta property=\"og:description\" content=\"Maison Divon Saint Paul La R\u00e9union Conditions G\u00e9n\u00e9rales de Vente annulation 1. Objet Les pr\u00e9sentes conditions g\u00e9n\u00e9rales r\u00e9gissent la r\u00e9servation et l&rsquo;annulation des s\u00e9jours dans notre \u00e9tablissement, ainsi que les droits et obligations des parties. 2. Tarification et R\u00e9servation Le prix de la nuit\u00e9e est indiqu\u00e9 en euros (\u20ac) et comprend toutes les taxes applicables, [&hellip;]\" \/>\n<meta property=\"og:url\" content=\"https:\/\/maisondivon.fr\/en\/cgv\/\" \/>\n<meta property=\"og:site_name\" content=\"Maison Divon |\u00a0Villa Saint Paul La R\u00e9union\" \/>\n<meta property=\"article:modified_time\" content=\"2025-02-19T08:23:58+00:00\" \/>\n<meta name=\"twitter:card\" content=\"summary_large_image\" \/>\n<meta name=\"twitter:label1\" content=\"Est. reading time\" \/>\n\t<meta name=\"twitter:data1\" content=\"2 minutes\" \/>\n<script type=\"application\/ld+json\" class=\"yoast-schema-graph\">{\"@context\":\"https:\\\/\\\/schema.org\",\"@graph\":[{\"@type\":\"WebPage\",\"@id\":\"https:\\\/\\\/maisondivon.fr\\\/cgv\\\/\",\"url\":\"https:\\\/\\\/maisondivon.fr\\\/cgv\\\/\",\"name\":\"CGV - Maison Divon |\u00a0Villa Saint Paul La R\u00e9union\",\"isPartOf\":{\"@id\":\"https:\\\/\\\/maisondivon.fr\\\/#website\"},\"datePublished\":\"2025-02-19T08:22:33+00:00\",\"dateModified\":\"2025-02-19T08:23:58+00:00\",\"breadcrumb\":{\"@id\":\"https:\\\/\\\/maisondivon.fr\\\/cgv\\\/#breadcrumb\"},\"inLanguage\":\"en-US\",\"potentialAction\":[{\"@type\":\"ReadAction\",\"target\":[\"https:\\\/\\\/maisondivon.fr\\\/cgv\\\/\"]}]},{\"@type\":\"BreadcrumbList\",\"@id\":\"https:\\\/\\\/maisondivon.fr\\\/cgv\\\/#breadcrumb\",\"itemListElement\":[{\"@type\":\"ListItem\",\"position\":1,\"name\":\"Accueil\",\"item\":\"https:\\\/\\\/maisondivon.fr\\\/\"},{\"@type\":\"ListItem\",\"position\":2,\"name\":\"CGV\"}]},{\"@type\":\"WebSite\",\"@id\":\"https:\\\/\\\/maisondivon.fr\\\/#website\",\"url\":\"https:\\\/\\\/maisondivon.fr\\\/\",\"name\":\"Maison Divon |\u00a0Villa Saint Paul La R\u00e9union\",\"description\":\"Saint Paul La R\u00e9union\",\"publisher\":{\"@id\":\"https:\\\/\\\/maisondivon.fr\\\/#organization\"},\"potentialAction\":[{\"@type\":\"SearchAction\",\"target\":{\"@type\":\"EntryPoint\",\"urlTemplate\":\"https:\\\/\\\/maisondivon.fr\\\/?s={search_term_string}\"},\"query-input\":{\"@type\":\"PropertyValueSpecification\",\"valueRequired\":true,\"valueName\":\"search_term_string\"}}],\"inLanguage\":\"en-US\"},{\"@type\":\"Organization\",\"@id\":\"https:\\\/\\\/maisondivon.fr\\\/#organization\",\"name\":\"Maison Divon |\u00a0Villa Saint Paul La R\u00e9union\",\"url\":\"https:\\\/\\\/maisondivon.fr\\\/\",\"logo\":{\"@type\":\"ImageObject\",\"inLanguage\":\"en-US\",\"@id\":\"https:\\\/\\\/maisondivon.fr\\\/#\\\/schema\\\/logo\\\/image\\\/\",\"url\":\"https:\\\/\\\/maisondivon.fr\\\/wp-content\\\/uploads\\\/2025\\\/01\\\/2-1.png\",\"contentUrl\":\"https:\\\/\\\/maisondivon.fr\\\/wp-content\\\/uploads\\\/2025\\\/01\\\/2-1.png\",\"width\":1196,\"height\":379,\"caption\":\"Maison Divon |\u00a0Villa Saint Paul La R\u00e9union\"},\"image\":{\"@id\":\"https:\\\/\\\/maisondivon.fr\\\/#\\\/schema\\\/logo\\\/image\\\/\"}}]}<\/script>\n<!-- \/ Yoast SEO plugin. -->","yoast_head_json":{"title":"CGV - Maison Divon | Villa Saint Paul La R\u00e9union","robots":{"index":"index","follow":"follow","max-snippet":"max-snippet:-1","max-image-preview":"max-image-preview:large","max-video-preview":"max-video-preview:-1"},"canonical":"https:\/\/maisondivon.fr\/en\/cgv\/","og_locale":"en_US","og_type":"article","og_title":"CGV - Maison Divon |\u00a0Villa Saint Paul La R\u00e9union","og_description":"Maison Divon Saint Paul La R\u00e9union Conditions G\u00e9n\u00e9rales de Vente annulation 1. Objet Les pr\u00e9sentes conditions g\u00e9n\u00e9rales r\u00e9gissent la r\u00e9servation et l&rsquo;annulation des s\u00e9jours dans notre \u00e9tablissement, ainsi que les droits et obligations des parties. 2. Tarification et R\u00e9servation Le prix de la nuit\u00e9e est indiqu\u00e9 en euros (\u20ac) et comprend toutes les taxes applicables, [&hellip;]","og_url":"https:\/\/maisondivon.fr\/en\/cgv\/","og_site_name":"Maison Divon |\u00a0Villa Saint Paul La R\u00e9union","article_modified_time":"2025-02-19T08:23:58+00:00","twitter_card":"summary_large_image","twitter_misc":{"Est. reading time":"2 minutes"},"schema":{"@context":"https:\/\/schema.org","@graph":[{"@type":"WebPage","@id":"https:\/\/maisondivon.fr\/cgv\/","url":"https:\/\/maisondivon.fr\/cgv\/","name":"CGV - Maison Divon | Villa Saint Paul La R\u00e9union","isPartOf":{"@id":"https:\/\/maisondivon.fr\/#website"},"datePublished":"2025-02-19T08:22:33+00:00","dateModified":"2025-02-19T08:23:58+00:00","breadcrumb":{"@id":"https:\/\/maisondivon.fr\/cgv\/#breadcrumb"},"inLanguage":"en-US","potentialAction":[{"@type":"ReadAction","target":["https:\/\/maisondivon.fr\/cgv\/"]}]},{"@type":"BreadcrumbList","@id":"https:\/\/maisondivon.fr\/cgv\/#breadcrumb","itemListElement":[{"@type":"ListItem","position":1,"name":"Accueil","item":"https:\/\/maisondivon.fr\/"},{"@type":"ListItem","position":2,"name":"CGV"}]},{"@type":"WebSite","@id":"https:\/\/maisondivon.fr\/#website","url":"https:\/\/maisondivon.fr\/","name":"House Divon | Villa Saint Paul La R\u00e9union","description":"Saint Paul La R\u00e9union","publisher":{"@id":"https:\/\/maisondivon.fr\/#organization"},"potentialAction":[{"@type":"SearchAction","target":{"@type":"EntryPoint","urlTemplate":"https:\/\/maisondivon.fr\/?s={search_term_string}"},"query-input":{"@type":"PropertyValueSpecification","valueRequired":true,"valueName":"search_term_string"}}],"inLanguage":"en-US"},{"@type":"Organization","@id":"https:\/\/maisondivon.fr\/#organization","name":"House Divon | Villa Saint Paul La R\u00e9union","url":"https:\/\/maisondivon.fr\/","logo":{"@type":"ImageObject","inLanguage":"en-US","@id":"https:\/\/maisondivon.fr\/#\/schema\/logo\/image\/","url":"https:\/\/maisondivon.fr\/wp-content\/uploads\/2025\/01\/2-1.png","contentUrl":"https:\/\/maisondivon.fr\/wp-content\/uploads\/2025\/01\/2-1.png","width":1196,"height":379,"caption":"Maison Divon |\u00a0Villa Saint Paul La R\u00e9union"},"image":{"@id":"https:\/\/maisondivon.fr\/#\/schema\/logo\/image\/"}}]}},"_links":{"self":[{"href":"https:\/\/maisondivon.fr\/en\/wp-json\/wp\/v2\/pages\/7810","targetHints":{"allow":["GET"]}}],"collection":[{"href":"https:\/\/maisondivon.fr\/en\/wp-json\/wp\/v2\/pages"}],"about":[{"href":"https:\/\/maisondivon.fr\/en\/wp-json\/wp\/v2\/types\/page"}],"author":[{"embeddable":true,"href":"https:\/\/maisondivon.fr\/en\/wp-json\/wp\/v2\/users\/1"}],"replies":[{"embeddable":true,"href":"https:\/\/maisondivon.fr\/en\/wp-json\/wp\/v2\/comments?post=7810"}],"version-history":[{"count":0,"href":"https:\/\/maisondivon.fr\/en\/wp-json\/wp\/v2\/pages\/7810\/revisions"}],"wp:attachment":[{"href":"https:\/\/maisondivon.fr\/en\/wp-json\/wp\/v2\/media?parent=7810"}],"curies":[{"name":"wp","href":"https:\/\/api.w.org\/{rel}","templated":true}]}}