{"id":7810,"date":"2025-02-19T09:22:33","date_gmt":"2025-02-19T08:22:33","guid":{"rendered":"https:\/\/maisondivon.fr\/?page_id=7810"},"modified":"2025-02-19T09:23:58","modified_gmt":"2025-02-19T08:23:58","slug":"agb","status":"publish","type":"page","link":"https:\/\/maisondivon.fr\/de\/agb\/","title":{"rendered":"AGB"},"content":{"rendered":"<div data-elementor-type=\"wp-page\" data-elementor-id=\"7810\" class=\"elementor elementor-7810\" data-elementor-post-type=\"page\">\n\t\t\t\t<div class=\"elementor-element elementor-element-e89ee44 e-con-full e-flex e-con e-parent\" data-id=\"e89ee44\" data-element_type=\"container\" data-settings=\"{&quot;background_background&quot;:&quot;classic&quot;}\">\n\t\t\t\t<div class=\"elementor-element elementor-element-f308c8d elementor-widget elementor-widget-nuss-heading\" data-id=\"f308c8d\" data-element_type=\"widget\" data-widget_type=\"nuss-heading.default\">\n\t\t\t\t<div class=\"elementor-widget-container\">\n\t\t\t\t\t\t\t<div class=\"nuss-modern-heading\">\r\n\t\t\t\t\t\t<div class=\"heading-secondary-wrap\">\r\n\t\t\t\t<span class=\"heading-secondary elementor-heading-title\">Haus Divon Saint Paul La R\u00e9union<\/span>\t\t\t<\/div>\r\n\t\t\r\n\t\t\t\t\t\t<div class=\"heading-primary-wrap\">\r\n\t\t\t\t<h2 class=\"heading-primary elementor-heading-title\">Allgemeine Verkaufsbedingungen  Stornierung<\/h2>\t\t\t<\/div>\r\n\t\t\r\n\t\t\t\r\n\t\t\t\t\t<\/div>\r\n\t\t\t\t\t<\/div>\n\t\t\t\t<\/div>\n\t\t\t\t<\/div>\n\t\t<div class=\"elementor-element elementor-element-560ccc9 e-flex e-con-boxed e-con e-parent\" data-id=\"560ccc9\" data-element_type=\"container\">\n\t\t\t\t\t<div class=\"e-con-inner\">\n\t\t\t\t<div class=\"elementor-element elementor-element-314ed9b elementor-widget elementor-widget-text-editor\" data-id=\"314ed9b\" data-element_type=\"widget\" data-widget_type=\"text-editor.default\">\n\t\t\t\t<div class=\"elementor-widget-container\">\n\t\t\t\t\t\t\t\t\t<h3 data-start=\"215\" data-end=\"270\"><strong style=\"font-size: 28px; letter-spacing: inherit; text-align: var(--text-align);\" data-start=\"277\" data-end=\"289\">1. Gegenstand<\/strong><\/h3><p data-start=\"292\" data-end=\"456\">Diese allgemeinen Bedingungen regeln die Buchung und Stornierung von Aufenthalten in unserer Einrichtung sowie die Rechte und Pflichten der Parteien.<\/p><h4 data-start=\"458\" data-end=\"499\"><strong data-start=\"463\" data-end=\"497\">2. Preise und Buchung<\/strong><\/h4><ul data-start=\"500\" data-end=\"758\"><li data-start=\"500\" data-end=\"615\">Der Preis pro \u00dcbernachtung ist in Euro (\u20ac) angegeben und umfasst alle anwendbaren Steuern, sofern nicht anders angegeben.<\/li><li data-start=\"616\" data-end=\"689\">Jede Buchung wird nach Eingang der vollst\u00e4ndigen Zahlung best\u00e4tigt.<\/li><li data-start=\"690\" data-end=\"758\">Der zum Zeitpunkt der Buchung angezeigte Tarif ist der angewandte.<\/li><\/ul><h4 data-start=\"760\" data-end=\"797\"><strong data-start=\"765\" data-end=\"795\">3. Stornierungsbedingungen<\/strong><\/h4><p data-start=\"798\" data-end=\"907\">Wir verstehen, dass Unvorhergesehenes eintreten kann, und haben eine klare Stornierungsrichtlinie eingef\u00fchrt:<\/p><ul data-start=\"909\" data-end=\"1499\"><li data-start=\"909\" data-end=\"1030\"><p data-start=\"911\" data-end=\"1030\"><strong data-start=\"911\" data-end=\"969\">Stornierung mindestens 30 Tage vor dem Anreisedatum:<\/strong><br data-start=\"969\" data-end=\"972\" \/>\u279d <strong data-start=\"976\" data-end=\"1002\">Vollst\u00e4ndige R\u00fcckerstattung<\/strong> von 100 % des gezahlten Betrags.<\/p><\/li><li data-start=\"1032\" data-end=\"1244\"><p data-start=\"1034\" data-end=\"1244\"><strong data-start=\"1034\" data-end=\"1094\">Stornierung zwischen 30 und 7 Tagen vor dem Anreisedatum:<\/strong><br data-start=\"1094\" data-end=\"1097\" \/>\u279d <strong data-start=\"1101\" data-end=\"1126\">Teilweise R\u00fcckerstattung<\/strong> entsprechend <strong data-start=\"1143\" data-end=\"1174\">50 % des Preises jeder<\/strong> gebuchten Nacht.<br data-start=\"1184\" data-end=\"1187\" \/>\u279d Die Servicegeb\u00fchren sind <strong data-start=\"1220\" data-end=\"1241\">nicht erstattungsf\u00e4hig<\/strong>.<\/p><\/li><li data-start=\"1246\" data-end=\"1358\"><p data-start=\"1248\" data-end=\"1358\"><strong data-start=\"1248\" data-end=\"1305\">Stornierung weniger als 7 Tage vor dem Anreisedatum:<\/strong><br data-start=\"1305\" data-end=\"1308\" \/>\u279d Es kann keine R\u00fcckerstattung erfolgen.<\/p><\/li><li data-start=\"1360\" data-end=\"1499\"><p data-start=\"1362\" data-end=\"1499\"><strong data-start=\"1362\" data-end=\"1383\">Reinigungsgeb\u00fchren:<\/strong><br data-start=\"1383\" data-end=\"1386\" \/>\u279d Wenn Sie Ihren Aufenthalt vor der Anreise stornieren, werden Ihnen die Reinigungskosten <strong data-start=\"1468\" data-end=\"1496\">vollst\u00e4ndig erstattet<\/strong>.<\/p><\/li><\/ul><h4 data-start=\"1501\" data-end=\"1543\"><strong data-start=\"1506\" data-end=\"1541\">4. \u00c4nderungen der Reservierung<\/strong><\/h4><ul data-start=\"1544\" data-end=\"1788\"><li data-start=\"1544\" data-end=\"1692\">Jeder Antrag auf \u00c4nderung der Reservierung (Daten, Anzahl der Reisenden) unterliegt der Verf\u00fcgbarkeit und kann eine Preisanpassung nach sich ziehen.<\/li><li data-start=\"1693\" data-end=\"1788\">Wir garantieren nicht die M\u00f6glichkeit einer \u00c4nderung nach Best\u00e4tigung der Reservierung.<\/li><\/ul><h4 data-start=\"1790\" data-end=\"1839\"><strong data-start=\"1795\" data-end=\"1837\">5. Nichterscheinen und vorzeitige Abreise<\/strong><\/h4><ul data-start=\"1840\" data-end=\"2026\"><li data-start=\"1840\" data-end=\"1959\">Im Falle des Nichterscheinens am Anreisetag ist der Gesamtbetrag der Reservierung <strong data-start=\"1930\" data-end=\"1956\">f\u00e4llig und nicht erstattungsf\u00e4hig<\/strong>.<\/li><li data-start=\"1960\" data-end=\"2026\">Bei vorzeitiger Abreise wird keine R\u00fcckerstattung gew\u00e4hrt.<\/li><\/ul><h4 data-start=\"2028\" data-end=\"2055\"><strong data-start=\"2033\" data-end=\"2053\">6. H\u00f6here Gewalt<\/strong><\/h4><p data-start=\"2056\" data-end=\"2335\">Im Falle au\u00dfergew\u00f6hnlicher Umst\u00e4nde au\u00dferhalb unseres Einflusses (Naturkatastrophe, Pandemie, beh\u00f6rdliche Verbote usw.) kann eine Verschiebung oder eine R\u00fcckerstattung in Betracht gezogen werden, gem\u00e4\u00df den <strong data-start=\"2269\" data-end=\"2299\">au\u00dferordentlichen Bedingungen<\/strong> die von unserer Einrichtung festgelegt wurden.<\/p><h4 data-start=\"2337\" data-end=\"2377\"><strong data-start=\"2342\" data-end=\"2375\">7. Verantwortung des Reisenden<\/strong><\/h4><ul data-start=\"2378\" data-end=\"2606\"><li data-start=\"2378\" data-end=\"2495\">Der Mieter verpflichtet sich, die gemieteten R\u00e4umlichkeiten zu respektieren und die Einrichtung im Falle eines Problems unverz\u00fcglich zu informieren.<\/li><li data-start=\"2496\" data-end=\"2606\">Jede Besch\u00e4digung oder Nichteinhaltung der Regeln der Unterkunft kann zus\u00e4tzliche Geb\u00fchren nach sich ziehen.<\/li><\/ul><h4 data-start=\"2608\" data-end=\"2648\"><strong data-start=\"2613\" data-end=\"2646\">8. Annahme der Bedingungen<\/strong><\/h4><p data-start=\"2649\" data-end=\"2779\">Jede auf unserer Website get\u00e4tigte Reservierung setzt die vollst\u00e4ndige und uneingeschr\u00e4nkte Annahme dieser Allgemeinen Gesch\u00e4ftsbedingungen voraus.<\/p>\t\t\t\t\t\t\t\t<\/div>\n\t\t\t\t<\/div>\n\t\t\t\t\t<\/div>\n\t\t\t\t<\/div>\n\t\t\t\t<\/div>","protected":false},"excerpt":{"rendered":"<p>Maison Divon Saint Paul La R\u00e9union Conditions G\u00e9n\u00e9rales de Vente annulation 1. Objet Les pr\u00e9sentes conditions g\u00e9n\u00e9rales r\u00e9gissent la r\u00e9servation et l&rsquo;annulation des s\u00e9jours dans notre \u00e9tablissement, ainsi que les droits et obligations des parties. 2. Tarification et R\u00e9servation Le prix de la nuit\u00e9e est indiqu\u00e9 en euros (\u20ac) et comprend toutes les taxes applicables, [&hellip;]<\/p>\n","protected":false},"author":1,"featured_media":0,"parent":0,"menu_order":0,"comment_status":"closed","ping_status":"closed","template":"elementor_header_footer","meta":{"footnotes":""},"class_list":["post-7810","page","type-page","status-publish","hentry","post-no-thumbnail"],"yoast_head":"<!-- This site is optimized with the Yoast SEO plugin v27.4 - https:\/\/yoast.com\/product\/yoast-seo-wordpress\/ -->\n<title>CGV - Maison Divon |\u00a0Villa Saint Paul La R\u00e9union<\/title>\n<meta name=\"robots\" content=\"index, follow, max-snippet:-1, max-image-preview:large, max-video-preview:-1\" \/>\n<link rel=\"canonical\" href=\"https:\/\/maisondivon.fr\/de\/agb\/\" \/>\n<meta property=\"og:locale\" content=\"de_DE\" \/>\n<meta property=\"og:type\" content=\"article\" \/>\n<meta property=\"og:title\" content=\"CGV - Maison Divon |\u00a0Villa Saint Paul La R\u00e9union\" \/>\n<meta property=\"og:description\" content=\"Maison Divon Saint Paul La R\u00e9union Conditions G\u00e9n\u00e9rales de Vente annulation 1. Objet Les pr\u00e9sentes conditions g\u00e9n\u00e9rales r\u00e9gissent la r\u00e9servation et l&rsquo;annulation des s\u00e9jours dans notre \u00e9tablissement, ainsi que les droits et obligations des parties. 2. Tarification et R\u00e9servation Le prix de la nuit\u00e9e est indiqu\u00e9 en euros (\u20ac) et comprend toutes les taxes applicables, [&hellip;]\" \/>\n<meta property=\"og:url\" content=\"https:\/\/maisondivon.fr\/de\/agb\/\" \/>\n<meta property=\"og:site_name\" content=\"Maison Divon |\u00a0Villa Saint Paul La R\u00e9union\" \/>\n<meta property=\"article:modified_time\" content=\"2025-02-19T08:23:58+00:00\" \/>\n<meta name=\"twitter:card\" content=\"summary_large_image\" \/>\n<meta name=\"twitter:label1\" content=\"Gesch\u00e4tzte Lesezeit\" \/>\n\t<meta name=\"twitter:data1\" content=\"2\u00a0Minuten\" \/>\n<script type=\"application\/ld+json\" class=\"yoast-schema-graph\">{\"@context\":\"https:\\\/\\\/schema.org\",\"@graph\":[{\"@type\":\"WebPage\",\"@id\":\"https:\\\/\\\/maisondivon.fr\\\/cgv\\\/\",\"url\":\"https:\\\/\\\/maisondivon.fr\\\/cgv\\\/\",\"name\":\"CGV - Maison Divon |\u00a0Villa Saint Paul La R\u00e9union\",\"isPartOf\":{\"@id\":\"https:\\\/\\\/maisondivon.fr\\\/#website\"},\"datePublished\":\"2025-02-19T08:22:33+00:00\",\"dateModified\":\"2025-02-19T08:23:58+00:00\",\"breadcrumb\":{\"@id\":\"https:\\\/\\\/maisondivon.fr\\\/cgv\\\/#breadcrumb\"},\"inLanguage\":\"de\",\"potentialAction\":[{\"@type\":\"ReadAction\",\"target\":[\"https:\\\/\\\/maisondivon.fr\\\/cgv\\\/\"]}]},{\"@type\":\"BreadcrumbList\",\"@id\":\"https:\\\/\\\/maisondivon.fr\\\/cgv\\\/#breadcrumb\",\"itemListElement\":[{\"@type\":\"ListItem\",\"position\":1,\"name\":\"Accueil\",\"item\":\"https:\\\/\\\/maisondivon.fr\\\/\"},{\"@type\":\"ListItem\",\"position\":2,\"name\":\"CGV\"}]},{\"@type\":\"WebSite\",\"@id\":\"https:\\\/\\\/maisondivon.fr\\\/#website\",\"url\":\"https:\\\/\\\/maisondivon.fr\\\/\",\"name\":\"Maison Divon |\u00a0Villa Saint Paul La R\u00e9union\",\"description\":\"Saint Paul La R\u00e9union\",\"publisher\":{\"@id\":\"https:\\\/\\\/maisondivon.fr\\\/#organization\"},\"potentialAction\":[{\"@type\":\"SearchAction\",\"target\":{\"@type\":\"EntryPoint\",\"urlTemplate\":\"https:\\\/\\\/maisondivon.fr\\\/?s={search_term_string}\"},\"query-input\":{\"@type\":\"PropertyValueSpecification\",\"valueRequired\":true,\"valueName\":\"search_term_string\"}}],\"inLanguage\":\"de\"},{\"@type\":\"Organization\",\"@id\":\"https:\\\/\\\/maisondivon.fr\\\/#organization\",\"name\":\"Maison Divon |\u00a0Villa Saint Paul La R\u00e9union\",\"url\":\"https:\\\/\\\/maisondivon.fr\\\/\",\"logo\":{\"@type\":\"ImageObject\",\"inLanguage\":\"de\",\"@id\":\"https:\\\/\\\/maisondivon.fr\\\/#\\\/schema\\\/logo\\\/image\\\/\",\"url\":\"https:\\\/\\\/maisondivon.fr\\\/wp-content\\\/uploads\\\/2025\\\/01\\\/2-1.png\",\"contentUrl\":\"https:\\\/\\\/maisondivon.fr\\\/wp-content\\\/uploads\\\/2025\\\/01\\\/2-1.png\",\"width\":1196,\"height\":379,\"caption\":\"Maison Divon |\u00a0Villa Saint Paul La R\u00e9union\"},\"image\":{\"@id\":\"https:\\\/\\\/maisondivon.fr\\\/#\\\/schema\\\/logo\\\/image\\\/\"}}]}<\/script>\n<!-- \/ Yoast SEO plugin. -->","yoast_head_json":{"title":"AGB - Maison Divon |\u00a0Villa Saint Paul La R\u00e9union","robots":{"index":"index","follow":"follow","max-snippet":"max-snippet:-1","max-image-preview":"max-image-preview:large","max-video-preview":"max-video-preview:-1"},"canonical":"https:\/\/maisondivon.fr\/de\/agb\/","og_locale":"de_DE","og_type":"article","og_title":"CGV - Maison Divon |\u00a0Villa Saint Paul La R\u00e9union","og_description":"Maison Divon Saint Paul La R\u00e9union Conditions G\u00e9n\u00e9rales de Vente annulation 1. Objet Les pr\u00e9sentes conditions g\u00e9n\u00e9rales r\u00e9gissent la r\u00e9servation et l&rsquo;annulation des s\u00e9jours dans notre \u00e9tablissement, ainsi que les droits et obligations des parties. 2. Tarification et R\u00e9servation Le prix de la nuit\u00e9e est indiqu\u00e9 en euros (\u20ac) et comprend toutes les taxes applicables, [&hellip;]","og_url":"https:\/\/maisondivon.fr\/de\/agb\/","og_site_name":"Maison Divon |\u00a0Villa Saint Paul La R\u00e9union","article_modified_time":"2025-02-19T08:23:58+00:00","twitter_card":"summary_large_image","twitter_misc":{"Gesch\u00e4tzte Lesezeit":"2\u00a0Minuten"},"schema":{"@context":"https:\/\/schema.org","@graph":[{"@type":"WebPage","@id":"https:\/\/maisondivon.fr\/cgv\/","url":"https:\/\/maisondivon.fr\/cgv\/","name":"AGB - Maison Divon |\u00a0Villa Saint Paul La R\u00e9union","isPartOf":{"@id":"https:\/\/maisondivon.fr\/#website"},"datePublished":"2025-02-19T08:22:33+00:00","dateModified":"2025-02-19T08:23:58+00:00","breadcrumb":{"@id":"https:\/\/maisondivon.fr\/cgv\/#breadcrumb"},"inLanguage":"de","potentialAction":[{"@type":"ReadAction","target":["https:\/\/maisondivon.fr\/cgv\/"]}]},{"@type":"BreadcrumbList","@id":"https:\/\/maisondivon.fr\/cgv\/#breadcrumb","itemListElement":[{"@type":"ListItem","position":1,"name":"Accueil","item":"https:\/\/maisondivon.fr\/"},{"@type":"ListItem","position":2,"name":"CGV"}]},{"@type":"WebSite","@id":"https:\/\/maisondivon.fr\/#website","url":"https:\/\/maisondivon.fr\/","name":"Haus Divon | Villa Saint Paul La R\u00e9union","description":"Saint Paul La R\u00e9union","publisher":{"@id":"https:\/\/maisondivon.fr\/#organization"},"potentialAction":[{"@type":"SearchAction","target":{"@type":"EntryPoint","urlTemplate":"https:\/\/maisondivon.fr\/?s={search_term_string}"},"query-input":{"@type":"PropertyValueSpecification","valueRequired":true,"valueName":"search_term_string"}}],"inLanguage":"de"},{"@type":"Organization","@id":"https:\/\/maisondivon.fr\/#organization","name":"Haus Divon | Villa Saint Paul La R\u00e9union","url":"https:\/\/maisondivon.fr\/","logo":{"@type":"ImageObject","inLanguage":"de","@id":"https:\/\/maisondivon.fr\/#\/schema\/logo\/image\/","url":"https:\/\/maisondivon.fr\/wp-content\/uploads\/2025\/01\/2-1.png","contentUrl":"https:\/\/maisondivon.fr\/wp-content\/uploads\/2025\/01\/2-1.png","width":1196,"height":379,"caption":"Maison Divon |\u00a0Villa Saint Paul La R\u00e9union"},"image":{"@id":"https:\/\/maisondivon.fr\/#\/schema\/logo\/image\/"}}]}},"_links":{"self":[{"href":"https:\/\/maisondivon.fr\/de\/wp-json\/wp\/v2\/pages\/7810","targetHints":{"allow":["GET"]}}],"collection":[{"href":"https:\/\/maisondivon.fr\/de\/wp-json\/wp\/v2\/pages"}],"about":[{"href":"https:\/\/maisondivon.fr\/de\/wp-json\/wp\/v2\/types\/page"}],"author":[{"embeddable":true,"href":"https:\/\/maisondivon.fr\/de\/wp-json\/wp\/v2\/users\/1"}],"replies":[{"embeddable":true,"href":"https:\/\/maisondivon.fr\/de\/wp-json\/wp\/v2\/comments?post=7810"}],"version-history":[{"count":0,"href":"https:\/\/maisondivon.fr\/de\/wp-json\/wp\/v2\/pages\/7810\/revisions"}],"wp:attachment":[{"href":"https:\/\/maisondivon.fr\/de\/wp-json\/wp\/v2\/media?parent=7810"}],"curies":[{"name":"wp","href":"https:\/\/api.w.org\/{rel}","templated":true}]}}